{"id":1158,"date":"2020-02-21T09:55:14","date_gmt":"2020-02-21T08:55:14","guid":{"rendered":"https:\/\/konferencja-ptrm.pl\/?page_id=1158"},"modified":"2024-03-14T10:51:41","modified_gmt":"2024-03-14T09:51:41","slug":"wystawcy","status":"publish","type":"page","link":"https:\/\/konferencja-ptrm.pl\/index.php\/wystawcy\/","title":{"rendered":"Wystawcy"},"content":{"rendered":"<div id=\"pl-1158\"  class=\"panel-layout\" ><div id=\"pg-1158-0\"  class=\"panel-grid panel-no-style\" ><div id=\"pgc-1158-0-0\"  class=\"panel-grid-cell\" ><div id=\"panel-1158-0-0-0\" class=\"so-panel widget widget_black-studio-tinymce widget_black_studio_tinymce panel-first-child panel-last-child\" data-index=\"0\" ><div class=\"textwidget\"><p style=\"margin-bottom: 0cm; text-align: center; line-height: 115%;\" align=\"center\"><em><span style=\"color: #808080; font-size: 18pt;\"><b><span style=\"line-height: 115%;\">Formy udzia\u0142u komercyjnego sponsor\u00f3w<br \/>\nw \"V \u015al\u0105skich Dniach Medycyny Stan\u00f3w Nag\u0142ych\"<\/span><\/b><\/span><\/em><\/p>\n<p style=\"margin-bottom: 0cm; text-align: center; line-height: 115%;\" align=\"center\"><b><span style=\"font-size: 8.0pt; line-height: 115%;\">\u00a0<\/span><\/b><\/p>\n<p style=\"margin: 0cm; text-align: justify; line-height: 150%;\"><span style=\"font-size: 12pt;\"><strong>Sponsor\u00f3w wspieraj\u0105cych V \u015al\u0105skie Dni Medycyny Stan\u00f3w Nag\u0142ych zapraszamy do wsp\u00f3\u0142pracy w ramach jednej z dw\u00f3ch form do wyboru:<\/strong><\/span><\/p>\n<p><span style=\"color: #0000ff; font-size: 12pt;\"><strong>Sponsor g\u0142\u00f3wny\u00a0 \u2013 10 000 z\u0142 brutto<\/strong><\/span><\/p>\n<ol>\n<li><span style=\"font-size: 12pt;\">Mo\u017cliwo\u015b\u0107 przeprowadzenia dwudziestominutowego wyk\u0142adu sponsorowanego w godzinie i sesji ustalonej z organizatorem lub mo\u017cliwo\u015b\u0107\u0301 przeprowadzenia warsztat\u00f3w szkoleniowych w godzinie i w czasie ustalonym z organizatorem.<\/span><\/li>\n<li><span style=\"font-size: 12pt;\">Umieszczenie logo sponsora na pierwszych stronach materia\u0142\u00f3w konferencyjnych oraz na stronie internetowej konferencji na pierwszym miejscu w gronie sponsor\u00f3w.<\/span><\/li>\n<li><span style=\"font-size: 12pt;\">Mo\u017cliwo\u015b\u0107\u0301 umieszczenia reklamy w materia\u0142ach konferencyjnych. Reklama dostosowana do formatu A5 w formie graficznej powinna by\u0107 przes\u0142ana do dnia 2.09.2024 r.<\/span><\/li>\n<li><span style=\"font-size: 12pt;\">Mo\u017cliwo\u015b\u0107\u0301 umieszczenia stoiska promocyjnego w g\u0142\u00f3wnym miejscu odbywania si\u0119 konferencji.<\/span><\/li>\n<li><span style=\"font-size: 12pt;\">Mo\u017cliwo\u015b\u0107\u0301 umieszczenia rollup\u2019a sponsora w sali konferencyjnej przez ca\u0142y czas trwania konferencji<\/span><\/li>\n<li><span style=\"font-size: 12pt;\">Pe\u0142ny udzia\u0142 w konferencji dw\u00f3ch przedstawicieli firmy wraz z noclegiem i wy\u017cywieniem w pokoju dwuosobowym<\/span><\/li>\n<\/ol>\n<p><span style=\"color: #0000ff; font-size: 12pt;\"><strong>Sponsor - 5000 z\u0142 brutto<\/strong><\/span><\/p>\n<ol>\n<li><span style=\"font-size: 12pt;\">Umieszczenie logo sponsora w materia\u0142ach konferencyjnych oraz na stronie internetowej konferencji.<\/span><\/li>\n<li><span style=\"font-size: 12pt;\">Mo\u017cliwo\u015b\u0107\u0301 umieszczenia stoiska promocyjnego w g\u0142\u00f3wnym miejscu odbywania si\u0119 konferencji.<\/span><\/li>\n<li><span style=\"font-size: 12pt;\">Mo\u017cliwo\u015b\u0107\u0301 umieszczenia rollup\u2019a sponsora w sali konferencyjnej przez ca\u0142y czas trwania konferencji<\/span><\/li>\n<li><span style=\"font-size: 12pt;\">Pe\u0142ny udzia\u0142 w konferencji jednego przedstawiciela firmy wraz z noclegiem i wy\u017cywieniem<\/span><\/li>\n<\/ol>\n<p><span style=\"font-size: 12pt;\">Istnieje r\u00f3wnie\u017c mo\u017cliwo\u015b\u0107 dostosowania Pa\u0144stwa udzia\u0142u w wydarzeniu w zale\u017cno\u015bci od potrzeb. Koszt pe\u0142nego udzia\u0142u dodatkowych os\u00f3b wraz z noclegiem i wy\u017cywieniem wynosi 1700 z\u0142 brutto w pokoju jednoosobowym oraz 1300 z\u0142 brutto w pokoju dwuosobowym.<\/span><\/p>\n<p>&nbsp;<\/p>\n<p><span style=\"font-size: 12pt;\"><strong>Osoba wyznaczone do kontaktu:<br \/>\n<\/strong><\/span><span style=\"font-size: 12pt;\">Micha\u0142 Kucap tel: <span style=\"color: #333399;\">+48 513 189 190<br \/>\n<\/span><\/span><span style=\"font-size: 12pt;\">e-mail: <a href=\"mailto:wystawca@konferencja-ptrm.pl\">wystawca@konferencja-ptrm.pl<\/a><\/span><\/p>\n<p><span style=\"font-size: 12pt;\">Op\u0142aty nale\u017cy przela\u0107 na konto Polskiego Towarzystwa Ratownik\u00f3w Medycznych, ING BSK nr.: 40 1050 1399 1000 0090 8051 2453<\/span><\/p>\n<p><span style=\"font-size: 12pt;\"><em>Organizator o\u015bwiadcza i informuje w publicznie dost\u0119pnych materia\u0142ach dotycz\u0105cych wydarzenia, \u017ce program pozamerytoryczny (rozrywkowy) nie zostanie sfinansowany ze \u015brodk\u00f3w pochodz\u0105cych od firm.<\/em><\/span><\/p>\n<\/div><\/div><\/div><\/div><\/div>","protected":false},"excerpt":{"rendered":"<p>Formy udzia\u0142u komercyjnego sponsor\u00f3w w &#8222;V \u015al\u0105skich Dniach Medycyny Stan\u00f3w Nag\u0142ych&#8221; \u00a0 Sponsor\u00f3w wspieraj\u0105cych V \u015al\u0105skie Dni Medycyny Stan\u00f3w Nag\u0142ych [&hellip;]<\/p>\n","protected":false},"author":1,"featured_media":0,"parent":0,"menu_order":0,"comment_status":"closed","ping_status":"closed","template":"","meta":{"footnotes":""},"class_list":["post-1158","page","type-page","status-publish","hentry"],"_links":{"self":[{"href":"https:\/\/konferencja-ptrm.pl\/index.php\/wp-json\/wp\/v2\/pages\/1158","targetHints":{"allow":["GET"]}}],"collection":[{"href":"https:\/\/konferencja-ptrm.pl\/index.php\/wp-json\/wp\/v2\/pages"}],"about":[{"href":"https:\/\/konferencja-ptrm.pl\/index.php\/wp-json\/wp\/v2\/types\/page"}],"author":[{"embeddable":true,"href":"https:\/\/konferencja-ptrm.pl\/index.php\/wp-json\/wp\/v2\/users\/1"}],"replies":[{"embeddable":true,"href":"https:\/\/konferencja-ptrm.pl\/index.php\/wp-json\/wp\/v2\/comments?post=1158"}],"version-history":[{"count":19,"href":"https:\/\/konferencja-ptrm.pl\/index.php\/wp-json\/wp\/v2\/pages\/1158\/revisions"}],"predecessor-version":[{"id":3752,"href":"https:\/\/konferencja-ptrm.pl\/index.php\/wp-json\/wp\/v2\/pages\/1158\/revisions\/3752"}],"wp:attachment":[{"href":"https:\/\/konferencja-ptrm.pl\/index.php\/wp-json\/wp\/v2\/media?parent=1158"}],"curies":[{"name":"wp","href":"https:\/\/api.w.org\/{rel}","templated":true}]}}