{"id":3496,"date":"2024-02-06T18:10:04","date_gmt":"2024-02-06T17:10:04","guid":{"rendered":"https:\/\/konferencja-ptrm.pl\/?page_id=3496"},"modified":"2026-01-28T20:59:09","modified_gmt":"2026-01-28T19:59:09","slug":"komitet-organizacyjny-2","status":"publish","type":"page","link":"https:\/\/konferencja-ptrm.pl\/index.php\/komitet-organizacyjny-2\/","title":{"rendered":"Komitet Organizacyjny Konferencji:"},"content":{"rendered":"\n<p><strong>PRZEWODNICZ\u0104CY KOMITETU ORGANIZACYJNEGO:<\/strong><br>Ireneusz Szafraniec<\/p>\n\n\n\n<p><strong>KOORDYNATOR MERYTORYCZNY KONFERENCJI:<\/strong><br>Jaros\u0142aw Madowicz<br><\/p>\n\n\n\n<p><strong>CZ\u0141ONKOWIE KOMITETU ORGANIZACYJNEGO:<\/strong><br>Marcin Lubczy\u0144ski<br>Ireneusz Barziej<br>Micha\u0142 Rupik<br>Micha\u0142 Kucap<br>Andrzej Wojnarowski<br>Micha\u0142 Winter<br>Piotr Szwedzi\u0144ski<br>Jacek Wawrzynek<br>Pawe\u0142 Kubica<br>Arkadiusz Ramza<br>Rados\u0142aw Ples<br><\/p>\n\n\n\n<p><\/p>\n","protected":false},"excerpt":{"rendered":"<p>PRZEWODNICZ\u0104CY KOMITETU ORGANIZACYJNEGO:Ireneusz Szafraniec KOORDYNATOR MERYTORYCZNY KONFERENCJI:Jaros\u0142aw Madowicz CZ\u0141ONKOWIE KOMITETU ORGANIZACYJNEGO:Marcin Lubczy\u0144skiIreneusz BarziejMicha\u0142 RupikMicha\u0142 KucapAndrzej WojnarowskiMicha\u0142 WinterPiotr Szwedzi\u0144skiJacek WawrzynekPawe\u0142 KubicaArkadiusz [&hellip;]<\/p>\n","protected":false},"author":1,"featured_media":0,"parent":0,"menu_order":0,"comment_status":"closed","ping_status":"closed","template":"","meta":{"footnotes":""},"class_list":["post-3496","page","type-page","status-publish","hentry"],"_links":{"self":[{"href":"https:\/\/konferencja-ptrm.pl\/index.php\/wp-json\/wp\/v2\/pages\/3496","targetHints":{"allow":["GET"]}}],"collection":[{"href":"https:\/\/konferencja-ptrm.pl\/index.php\/wp-json\/wp\/v2\/pages"}],"about":[{"href":"https:\/\/konferencja-ptrm.pl\/index.php\/wp-json\/wp\/v2\/types\/page"}],"author":[{"embeddable":true,"href":"https:\/\/konferencja-ptrm.pl\/index.php\/wp-json\/wp\/v2\/users\/1"}],"replies":[{"embeddable":true,"href":"https:\/\/konferencja-ptrm.pl\/index.php\/wp-json\/wp\/v2\/comments?post=3496"}],"version-history":[{"count":32,"href":"https:\/\/konferencja-ptrm.pl\/index.php\/wp-json\/wp\/v2\/pages\/3496\/revisions"}],"predecessor-version":[{"id":4763,"href":"https:\/\/konferencja-ptrm.pl\/index.php\/wp-json\/wp\/v2\/pages\/3496\/revisions\/4763"}],"wp:attachment":[{"href":"https:\/\/konferencja-ptrm.pl\/index.php\/wp-json\/wp\/v2\/media?parent=3496"}],"curies":[{"name":"wp","href":"https:\/\/api.w.org\/{rel}","templated":true}]}}