{"id":3523,"date":"2024-02-06T21:52:19","date_gmt":"2024-02-06T20:52:19","guid":{"rendered":"https:\/\/konferencja-ptrm.pl\/?page_id=3523"},"modified":"2026-02-01T21:48:58","modified_gmt":"2026-02-01T20:48:58","slug":"program-merytoryczny","status":"publish","type":"page","link":"https:\/\/konferencja-ptrm.pl\/index.php\/program-merytoryczny\/","title":{"rendered":"Program merytoryczny konferencji"},"content":{"rendered":"<h2 align=\"CENTER\"><span style=\"color: #2f5496;\"><span style=\"font-size: xx-large;\"><b>PROGRAM<br \/><\/b><\/span><\/span><span style=\"color: #2f5496;\"><span style=\"font-size: xx-large;\"><b>VIII \u015aL\u0104SKICH DNI MEDYCYNY STAN\u00d3W NAG\u0141YCH<br \/><\/b><\/span><\/span><span style=\"color: #2f5496;\"><span style=\"font-size: x-large;\"><b>02 &#8211; 04 PA\u0179DZIERNIKA 2026r. \u2013 WIS\u0141A &#8222;HOTEL STOK&#8221;<\/b><\/span><\/span><\/h2>\n<h3 align=\"CENTER\"><span style=\"color: #000000;\"><span style=\"font-size: x-large;\"><b>15 punkt\u00f3w edukacyjnych<\/b><\/span><\/span><\/h3>\n<table style=\"height: 1367px; width: 100%;\" border=\"1\" width=\"100%\" cellspacing=\"0\" cellpadding=\"10\"><colgroup> <col width=\"106\" \/> <col width=\"297\" \/> <col width=\"183\" \/> <col width=\"271\" \/><\/colgroup>\n<tbody>\n<tr style=\"height: 68px;\">\n<td style=\"height: 68px; width: 99.7619%;\" colspan=\"4\" valign=\"TOP\" width=\"918\">\n<h2 align=\"CENTER\"><span style=\"color: #993366;\"><span style=\"font-size: large;\"><b>PI\u0104TEK 02 pa\u017adziernika 2026 r.<\/b><\/span><\/span><\/h2>\n<\/td>\n<\/tr>\n<tr style=\"height: 68px;\">\n<td style=\"height: 68px; width: 99.7619%;\" colspan=\"4\" valign=\"TOP\" width=\"918\">\n<p align=\"CENTER\"><span style=\"color: #0000ff;\"><strong>Posiedzenie Szkoleniowe \u2013 5 pkt<\/strong><\/span><\/p>\n<\/td>\n<\/tr>\n<tr style=\"height: 68px;\" valign=\"TOP\">\n<td style=\"text-align: center; height: 70px; width: 13.0952%;\" rowspan=\"7\" width=\"106\">\n<p>11<sup>00<\/sup>-15<sup>00<\/sup><\/p>\n<\/td>\n<td style=\"height: 10px; width: 56.0715%;\" colspan=\"2\" width=\"500\">\u00a0<\/td>\n<td style=\"height: 10px; width: 30.5952%;\" width=\"271\">\u00a0<\/td>\n<\/tr>\n<tr style=\"height: 68px;\" valign=\"TOP\">\n<td style=\"height: 10px; width: 56.0715%;\" colspan=\"2\" width=\"500\">\u00a0<\/td>\n<td style=\"height: 10px; width: 30.5952%;\" width=\"271\">\u00a0<\/td>\n<\/tr>\n<tr style=\"height: 68px;\" valign=\"TOP\">\n<td style=\"height: 10px; width: 56.0715%;\" colspan=\"2\" width=\"500\">\u00a0<\/td>\n<td style=\"height: 10px; width: 30.5952%;\" width=\"271\">\u00a0<\/td>\n<\/tr>\n<tr style=\"height: 68px;\" valign=\"TOP\">\n<td style=\"height: 10px; width: 56.0715%;\" colspan=\"2\" width=\"500\">\u00a0<\/td>\n<td style=\"height: 10px; width: 30.5952%;\" width=\"271\">\u00a0<\/td>\n<\/tr>\n<tr style=\"height: 68px;\" valign=\"TOP\">\n<td style=\"height: 10px; width: 56.0715%;\" colspan=\"2\" width=\"500\">\u00a0<\/td>\n<td style=\"height: 10px; width: 30.5952%;\" width=\"271\">\u00a0<\/td>\n<\/tr>\n<tr style=\"height: 68px;\" valign=\"TOP\">\n<td style=\"height: 10px; width: 56.0715%;\" colspan=\"2\" width=\"500\">\u00a0<\/td>\n<td style=\"height: 10px; width: 30.5952%;\" width=\"271\">\u00a0<\/td>\n<\/tr>\n<tr style=\"height: 100px;\">\n<td style=\"width: 56.0715%; height: 10px; text-align: left;\" colspan=\"2\">\u00a0<\/td>\n<td style=\"width: 30.5952%; height: 10px;\">\u00a0<\/td>\n<\/tr>\n<tr style=\"height: 71px;\" valign=\"TOP\">\n<td style=\"height: 10px; text-align: center; width: 13.0952%;\" width=\"106\">15<sup>00<\/sup>-16<sup>00<\/sup><\/td>\n<td style=\"height: 10px; width: 86.6667%;\" colspan=\"3\" width=\"792\">\n<h3 align=\"CENTER\"><span style=\"color: #0000ff;\"><strong>SESJA PLAKATOWA<\/strong><\/span><\/h3>\n<\/td>\n<\/tr>\n<tr style=\"height: 74px;\" valign=\"TOP\">\n<td style=\"height: 18px; text-align: center; width: 13.0952%;\" width=\"106\">16<sup>00<\/sup><\/td>\n<td style=\"height: 18px; width: 86.6667%;\" colspan=\"3\" width=\"792\">\n<h3 align=\"CENTER\"><span style=\"color: #c00000;\"><span style=\"font-size: large;\"><b>INAUGURACJA KONFERENCJI<\/b><\/span><\/span><\/h3>\n<\/td>\n<\/tr>\n<tr style=\"height: 68px;\">\n<td style=\"text-align: center; width: 13.0952%; height: 18px;\">16<sup>30<\/sup>-17<sup>50<\/sup><\/td>\n<td style=\"width: 86.6667%; height: 18px;\" colspan=\"3\">\n<h3 align=\"CENTER\"><span style=\"color: #0000ff;\"><span style=\"font-size: large;\"><b><strong>SESJA INAUGURACYJNA<\/strong><\/b><\/span><\/span><\/h3>\n<\/td>\n<\/tr>\n<tr style=\"height: 68px;\">\n<td style=\"height: 10px; width: 99.7619%;\" colspan=\"4\" valign=\"TOP\" width=\"918\">\n<p style=\"text-align: left;\"><span style=\"color: #333399;\">Prowadz\u0105cy: <\/span><\/p>\n<\/td>\n<\/tr>\n<tr style=\"height: 71px;\" valign=\"TOP\">\n<td style=\"height: 10px; text-align: center; width: 13.0952%;\" width=\"106\">16<sup>30<\/sup>-16<sup>50<\/sup><\/td>\n<td style=\"height: 10px; width: 27.5%; text-align: center;\" width=\"297\">\u00a0<\/td>\n<td style=\"width: 28.5715%; height: 10px;\" width=\"183\">\u00a0<\/td>\n<td style=\"width: 30.5952%; height: 10px;\" width=\"271\">\u00a0<\/td>\n<\/tr>\n<tr style=\"height: 71px;\" valign=\"TOP\">\n<td style=\"height: 10px; text-align: center; width: 13.0952%;\" width=\"106\">16<sup>50<\/sup>-17<sup>10<\/sup><\/td>\n<td style=\"height: 10px; width: 27.5%; text-align: center;\" width=\"297\">\u00a0<\/td>\n<td style=\"height: 10px; width: 28.5715%;\" width=\"183\">\u00a0<\/td>\n<td style=\"height: 10px; width: 30.5952%;\" width=\"271\">\u00a0<\/td>\n<\/tr>\n<tr style=\"height: 70px;\">\n<td style=\"text-align: center; width: 13.0952%; height: 10px;\">17<sup>10<\/sup>-17<sup>30<\/sup><\/td>\n<td style=\"width: 27.5%; text-align: center; height: 10px;\">\u00a0<\/td>\n<td style=\"width: 28.5715%; height: 10px;\">\u00a0<\/td>\n<td style=\"width: 30.5952%; height: 10px;\">\u00a0<\/td>\n<\/tr>\n<tr style=\"height: 70px;\">\n<td style=\"text-align: center; width: 13.0952%; height: 10px;\">17<sup>30<\/sup>-17<sup>50<\/sup><\/td>\n<td style=\"width: 27.5%; text-align: center; height: 10px;\">\u00a0<\/td>\n<td style=\"width: 28.5715%; height: 10px;\">\u00a0<\/td>\n<td style=\"width: 30.5952%; height: 10px;\">\u00a0<\/td>\n<\/tr>\n<tr style=\"height: 119px;\">\n<td style=\"height: 10px; width: 99.7619%;\" colspan=\"4\" valign=\"TOP\" width=\"918\">\n<h3 style=\"text-align: center;\"><span style=\"color: #cc2121;\"><strong>DEBATA<\/strong><\/span><\/h3>\n<h3 style=\"text-align: left;\"><span style=\"color: #333399;\">Moderatorzy: <\/span><\/h3>\n<\/td>\n<\/tr>\n<tr style=\"height: 71px;\" valign=\"TOP\">\n<td style=\"height: 10px; width: 13.0952%;\" width=\"106\">\n<p>17<sup>50<\/sup>-20<sup>00<\/sup><\/p>\n<\/td>\n<td style=\"height: 10px; width: 27.5%; text-align: center;\" width=\"297\">\u00a0<\/td>\n<td style=\"height: 10px; width: 59.1667%;\" colspan=\"2\" width=\"183\">\u00a0<\/td>\n<\/tr>\n<tr style=\"height: 68px;\">\n<td style=\"height: 10px; width: 99.7619%;\" colspan=\"4\" valign=\"TOP\" width=\"918\">\n<h2 align=\"CENTER\"><span style=\"color: #993366;\"><span style=\"font-size: large;\"><b>SOBOTA 03 pa\u017adziernika 2026 r.<\/b><\/span><\/span><\/h2>\n<\/td>\n<\/tr>\n<tr style=\"height: 68px;\">\n<td style=\"height: 10px; width: 99.7619%;\" colspan=\"4\" valign=\"TOP\" width=\"918\">\n<p align=\"CENTER\"><b>Posiedzenie Szkoleniowe \u2013 5 pkt<\/b><\/p>\n<\/td>\n<\/tr>\n<tr style=\"height: 23px;\" valign=\"TOP\">\n<td style=\"height: 184px; width: 13.0952%;\" rowspan=\"8\" width=\"106\">\n<p align=\"CENTER\">9<sup>00<\/sup>-13<sup>00<\/sup><\/p>\n<\/td>\n<td style=\"height: 23px; text-align: center; width: 56.0715%;\" colspan=\"2\" width=\"500\">\u00a0<\/td>\n<td style=\"height: 23px; width: 30.5952%;\" width=\"271\">\u00a0<\/td>\n<\/tr>\n<tr style=\"height: 23px;\" valign=\"TOP\">\n<td style=\"height: 23px; width: 56.0715%; text-align: center;\" colspan=\"2\" width=\"500\">\u00a0<\/td>\n<td style=\"height: 23px; width: 30.5952%;\" width=\"271\">\u00a0<\/td>\n<\/tr>\n<tr style=\"height: 23px;\" valign=\"TOP\">\n<td style=\"height: 23px; width: 56.0715%; text-align: center;\" colspan=\"2\" width=\"500\">\u00a0<\/td>\n<td style=\"height: 23px; width: 30.5952%;\" width=\"271\">\u00a0<\/td>\n<\/tr>\n<tr style=\"height: 23px;\" valign=\"TOP\">\n<td style=\"height: 23px; width: 56.0715%; text-align: center;\" colspan=\"2\" width=\"500\">\u00a0<\/td>\n<td style=\"height: 23px; width: 30.5952%;\" width=\"271\">\u00a0<\/td>\n<\/tr>\n<tr style=\"height: 23px;\" valign=\"TOP\">\n<td style=\"height: 23px; width: 56.0715%; text-align: center;\" colspan=\"2\" width=\"500\">\u00a0<\/td>\n<td style=\"height: 23px; width: 30.5952%;\" width=\"271\">\u00a0<\/td>\n<\/tr>\n<tr style=\"height: 23px;\" valign=\"TOP\">\n<td style=\"height: 23px; width: 56.0715%; text-align: center;\" colspan=\"2\" width=\"500\">\u00a0<\/td>\n<td style=\"height: 23px; width: 30.5952%;\" width=\"271\">\u00a0<\/td>\n<\/tr>\n<tr style=\"height: 70px;\">\n<td style=\"width: 56.0715%; text-align: center; height: 23px;\" colspan=\"2\">\u00a0<\/td>\n<td style=\"width: 30.5952%; height: 23px;\">\u00a0<\/td>\n<\/tr>\n<tr style=\"height: 23px;\" valign=\"TOP\">\n<td style=\"height: 23px; text-align: center; width: 56.0715%;\" colspan=\"2\" width=\"500\">\u00a0<\/td>\n<td style=\"height: 23px; width: 30.5952%;\" width=\"271\">\u00a0<\/td>\n<\/tr>\n<tr style=\"height: 70px;\">\n<td style=\"width: 13.0952%; height: 10px;\">\n<p align=\"CENTER\">12<sup>30<\/sup>-13<sup>00<\/sup><\/p>\n<\/td>\n<td style=\"width: 56.0715%; text-align: center; height: 10px;\" colspan=\"2\">\u00a0<\/td>\n<td style=\"width: 30.5952%; height: 10px;\">\u00a0<\/td>\n<\/tr>\n<tr style=\"height: 68px;\">\n<td style=\"height: 10px; width: 99.7619%;\" colspan=\"4\" valign=\"TOP\" width=\"918\">\n<p align=\"CENTER\"><span style=\"color: #c00000;\"><span style=\"font-size: large;\"><b>SESJA II<\/b><\/span><\/span><\/p>\n<\/td>\n<\/tr>\n<tr style=\"height: 68px;\">\n<td style=\"height: 10px; width: 99.7619%;\" colspan=\"4\" valign=\"TOP\" width=\"918\">\n<p>Prowadz\u0105cy: <span style=\"color: #002060;\"><span style=\"font-size: medium;\"><b><br \/><\/b><\/span><\/span><\/p>\n<\/td>\n<\/tr>\n<tr style=\"height: 71px;\" valign=\"TOP\">\n<td style=\"width: 13.0952%; height: 10px;\" width=\"106\">\n<p>13<sup>00<\/sup>-13<sup>20<\/sup><\/p>\n<\/td>\n<td style=\"width: 27.5%; height: 10px; text-align: center;\" width=\"297\">\u00a0<\/td>\n<td style=\"width: 28.5715%; height: 10px;\" width=\"183\">\u00a0<\/td>\n<td style=\"width: 30.5952%; height: 10px;\" width=\"271\">\u00a0<\/td>\n<\/tr>\n<tr style=\"height: 71px;\" valign=\"TOP\">\n<td style=\"width: 13.0952%; height: 10px;\" width=\"106\">\n<p>13<sup>20<\/sup>-13<sup>40<\/sup><\/p>\n<\/td>\n<td style=\"text-align: center; width: 27.5%; height: 10px;\" width=\"297\">\u00a0<\/td>\n<td style=\"width: 28.5715%; height: 10px;\" width=\"183\">\u00a0<\/td>\n<td style=\"width: 30.5952%; height: 10px;\" width=\"271\">\u00a0<\/td>\n<\/tr>\n<tr style=\"height: 71px;\" valign=\"TOP\">\n<td style=\"width: 13.0952%; height: 25px;\" width=\"106\">\n<p>13<sup>40<\/sup>-14<sup>00<\/sup><\/p>\n<\/td>\n<td style=\"width: 27.5%; text-align: center; height: 25px;\" width=\"297\">\u00a0<\/td>\n<td style=\"width: 28.5715%; height: 25px;\" width=\"183\">\u00a0<\/td>\n<td style=\"width: 30.5952%; height: 25px;\" width=\"271\">\u00a0<\/td>\n<\/tr>\n<tr style=\"height: 71px;\" valign=\"TOP\">\n<td style=\"width: 13.0952%; height: 28px;\" width=\"106\">\n<p>14<sup>00<\/sup>-14<sup>20<\/sup><\/p>\n<\/td>\n<td style=\"width: 27.5%; text-align: center; height: 28px;\" width=\"297\">\u00a0<\/td>\n<td style=\"width: 28.5715%; height: 28px;\" width=\"183\">\u00a0<\/td>\n<td style=\"width: 30.5952%; height: 28px;\" width=\"271\">\u00a0<\/td>\n<\/tr>\n<tr style=\"height: 71px;\" valign=\"TOP\">\n<td style=\"width: 13.0952%; height: 17px;\" width=\"106\">\n<p>14<sup>20<\/sup>-14<sup>40<\/sup><\/p>\n<\/td>\n<td style=\"width: 27.5%; height: 17px; text-align: center;\" width=\"297\">\u00a0<\/td>\n<td style=\"width: 28.5715%; height: 17px;\" width=\"183\">\u00a0<\/td>\n<td style=\"width: 30.5952%; height: 17px;\" width=\"271\">\u00a0<\/td>\n<\/tr>\n<tr style=\"height: 93px;\">\n<td style=\"width: 13.0952%; height: 10px;\">\n<p>14<sup>40<\/sup>-15<sup>00<\/sup><\/p>\n<\/td>\n<td style=\"width: 27.5%; height: 10px;\">\u00a0<\/td>\n<td style=\"width: 28.5715%; height: 10px;\">\u00a0<\/td>\n<td style=\"width: 30.5952%; height: 10px;\">\u00a0<\/td>\n<\/tr>\n<tr style=\"height: 68px;\">\n<td style=\"height: 37px; width: 99.7619%;\" colspan=\"4\" valign=\"TOP\" width=\"918\">\n<p align=\"CENTER\"><span style=\"color: #c00000;\"><span style=\"font-size: large;\"><b>SESJA III<\/b><\/span><\/span><\/p>\n<\/td>\n<\/tr>\n<tr style=\"height: 68px;\">\n<td style=\"height: 10px; width: 99.7619%;\" colspan=\"4\" valign=\"TOP\" width=\"918\">\n<p>Prowadz\u0105cy:<\/p>\n<\/td>\n<\/tr>\n<tr style=\"height: 71px;\" valign=\"TOP\">\n<td style=\"height: 17px; width: 13.0952%;\" width=\"106\">\n<p>16<sup>00<\/sup>-16<sup>20<\/sup><\/p>\n<\/td>\n<td style=\"height: 17px; width: 27.5%; text-align: center;\" width=\"297\">\u00a0<\/td>\n<td style=\"height: 17px; width: 28.5715%;\" width=\"183\">\u00a0<\/td>\n<td style=\"height: 17px; width: 30.5952%;\" width=\"271\">\u00a0<\/td>\n<\/tr>\n<tr style=\"height: 71px;\" valign=\"TOP\">\n<td style=\"height: 10px; width: 13.0952%;\" width=\"106\">\n<p>16<sup>20<\/sup>-16<sup>40<\/sup><\/p>\n<\/td>\n<td style=\"height: 10px; width: 27.5%; text-align: center;\" width=\"297\">\u00a0<\/td>\n<td style=\"height: 10px; width: 28.5715%;\" width=\"183\">\u00a0<\/td>\n<td style=\"height: 10px; width: 30.5952%;\" width=\"271\">\u00a0<\/td>\n<\/tr>\n<tr style=\"height: 71px;\" valign=\"TOP\">\n<td style=\"height: 71px; width: 13.0952%;\" width=\"106\">\n<p>16<sup>40<\/sup>-17<sup>00<\/sup><\/p>\n<\/td>\n<td style=\"height: 71px; width: 27.5%; text-align: center;\" width=\"297\">\u00a0<\/td>\n<td style=\"height: 71px; width: 28.5715%;\" width=\"183\">\u00a0<\/td>\n<td style=\"height: 71px; width: 30.5952%;\" width=\"271\">\u00a0<\/td>\n<\/tr>\n<tr style=\"height: 71px;\" valign=\"TOP\">\n<td style=\"height: 36px; width: 13.0952%;\" width=\"106\">\n<p>17<sup>00<\/sup>-17<sup>20<\/sup><\/p>\n<\/td>\n<td style=\"height: 36px; width: 27.5%; text-align: center;\" width=\"297\">\u00a0<\/td>\n<td style=\"height: 36px; width: 28.5715%;\" width=\"183\">\u00a0<\/td>\n<td style=\"height: 36px; width: 30.5952%;\" width=\"271\">\u00a0<\/td>\n<\/tr>\n<tr style=\"height: 117px;\">\n<td style=\"width: 13.0952%; height: 10px;\">\n<p>17<sup>20<\/sup>-17<sup>40<\/sup><\/p>\n<\/td>\n<td style=\"width: 27.5%; text-align: center; height: 10px;\">\u00a0<\/td>\n<td style=\"width: 28.5715%; height: 10px;\">\u00a0<\/td>\n<td style=\"width: 30.5952%; height: 10px;\">\u00a0<\/td>\n<\/tr>\n<tr style=\"height: 70px;\">\n<td style=\"width: 13.0952%; height: 70px;\">\n<p>17<sup>40<\/sup>18<sup>00<\/sup><\/p>\n<\/td>\n<td style=\"width: 27.5%; text-align: center; height: 70px;\">\u00a0<\/td>\n<td style=\"width: 28.5715%; height: 70px;\">\u00a0<\/td>\n<td style=\"width: 30.5952%; height: 70px;\">\u00a0<\/td>\n<\/tr>\n<tr style=\"height: 68px;\">\n<td style=\"height: 20px; width: 99.7619%;\" colspan=\"4\" valign=\"TOP\" width=\"918\">\n<p align=\"CENTER\"><span style=\"color: #c00000;\"><span style=\"font-size: large;\"><b>DEBATA<\/b><\/span><\/span><\/p>\n<\/td>\n<\/tr>\n<tr style=\"height: 68px;\">\n<td style=\"width: 99.7619%; height: 68px;\" colspan=\"4\" valign=\"TOP\" width=\"918\">\n<p>Prowadz\u0105cy:<\/p>\n<\/td>\n<\/tr>\n<tr style=\"height: 71px;\" valign=\"TOP\">\n<td style=\"width: 13.0952%; height: 10px;\" width=\"106\">\n<p>18<sup>00<\/sup>-19<sup>00<\/sup><\/p>\n<\/td>\n<td style=\"height: 10px; width: 27.5%;\" width=\"297\">\u00a0<\/td>\n<td style=\"height: 10px; width: 59.1667%;\" colspan=\"2\" width=\"183\">\u00a0<\/td>\n<\/tr>\n<tr style=\"height: 68px;\">\n<td style=\"height: 12px; width: 99.7619%;\" colspan=\"4\" valign=\"TOP\" width=\"918\">\n<h2 align=\"CENTER\"><span style=\"color: #993366;\"><span style=\"font-size: large;\"><b>NIEDZIELA 04 pa\u017adziernika 2026 r.<\/b><\/span><\/span><\/h2>\n<\/td>\n<\/tr>\n<tr style=\"height: 68px;\">\n<td style=\"height: 12px; width: 99.7619%;\" colspan=\"4\" valign=\"TOP\" width=\"918\">\n<p align=\"CENTER\"><span style=\"color: #c00000;\"><span style=\"font-size: large;\"><b>SESJA V<\/b><\/span><\/span><\/p>\n<\/td>\n<\/tr>\n<tr style=\"height: 68px;\">\n<td style=\"height: 22px; width: 99.7619%;\" colspan=\"4\" valign=\"TOP\" width=\"918\">Prowadz\u0105cy:<strong>\u00a0<\/strong><\/td>\n<\/tr>\n<tr style=\"height: 71px;\" valign=\"TOP\">\n<td style=\"height: 10px; width: 13.0952%;\" width=\"106\">\n<p>9<sup>3<\/sup><sup>0<\/sup>-10<sup>00<\/sup><\/p>\n<\/td>\n<td style=\"height: 10px; text-align: center; width: 27.5%;\" width=\"297\">\u00a0<\/td>\n<td style=\"height: 10px; width: 28.5715%;\" width=\"183\">\u00a0<\/td>\n<td style=\"height: 10px; width: 30.5952%;\" width=\"271\">\u00a0<\/td>\n<\/tr>\n<tr style=\"height: 71px;\" valign=\"TOP\">\n<td style=\"height: 23px; width: 13.0952%;\" width=\"106\">\n<p>10<sup>00<\/sup>-10<sup>30<\/sup><\/p>\n<\/td>\n<td style=\"height: 23px; text-align: center; width: 27.5%;\" width=\"297\">\u00a0<\/td>\n<td style=\"height: 23px; width: 28.5715%;\" width=\"183\">\u00a0<\/td>\n<td style=\"height: 23px; width: 30.5952%;\" width=\"271\">\u00a0<\/td>\n<\/tr>\n<tr style=\"height: 71px;\" valign=\"TOP\">\n<td style=\"height: 68px; width: 13.0952%;\" width=\"106\">\n<p>10<sup>30<\/sup>-11<sup>00<\/sup><\/p>\n<\/td>\n<td style=\"height: 68px; text-align: center; width: 27.5%;\" width=\"297\">\u00a0<\/td>\n<td style=\"height: 68px; width: 28.5715%;\" width=\"183\">\u00a0<\/td>\n<td style=\"height: 68px; width: 30.5952%;\" width=\"271\">\u00a0<\/td>\n<\/tr>\n<tr style=\"height: 71px;\" valign=\"TOP\">\n<td style=\"height: 68px; width: 13.0952%;\" width=\"106\">\n<p>11<sup>00<\/sup>-11<sup>20<\/sup><\/p>\n<\/td>\n<td style=\"height: 68px; text-align: center; width: 27.5%;\" width=\"297\">\u00a0<\/td>\n<td style=\"height: 68px; width: 28.5715%;\" width=\"183\">\u00a0<\/td>\n<td style=\"height: 68px; width: 30.5952%;\" width=\"271\">\u00a0<\/td>\n<\/tr>\n<tr style=\"height: 93px;\">\n<td style=\"width: 13.0952%; height: 10px;\">\n<p>11<sup>20<\/sup>-11<sup>40<\/sup><\/p>\n<\/td>\n<td style=\"width: 27.5%; text-align: center; height: 10px;\">\u00a0<\/td>\n<td style=\"width: 28.5715%; height: 10px;\">\u00a0<\/td>\n<td style=\"width: 30.5952%; height: 10px;\">\u00a0<\/td>\n<\/tr>\n<tr style=\"height: 93px;\">\n<td style=\"width: 13.0952%; height: 23px;\">\n<p>11<sup>40<\/sup>-12<sup>00<\/sup><\/p>\n<\/td>\n<td style=\"width: 27.5%; text-align: center; height: 23px;\">\u00a0<\/td>\n<td style=\"width: 28.5715%; height: 23px;\">\u00a0<\/td>\n<td style=\"width: 30.5952%; height: 23px;\">\u00a0<\/td>\n<\/tr>\n<tr style=\"height: 93px;\">\n<td style=\"width: 13.0952%; height: 22px;\">\n<p>12<sup>00<\/sup>-12<sup>20<\/sup><\/p>\n<\/td>\n<td style=\"width: 27.5%; height: 22px;\">\u00a0<\/td>\n<td style=\"width: 28.5715%; height: 22px;\">\u00a0<\/td>\n<td style=\"width: 30.5952%; height: 22px;\">\u00a0<\/td>\n<\/tr>\n<tr style=\"height: 71px;\" valign=\"TOP\">\n<td style=\"height: 68px; width: 13.0952%;\" width=\"106\">\n<p>12<sup>20<\/sup>-12<sup>40<\/sup><\/p>\n<\/td>\n<td style=\"height: 68px; width: 27.5%; text-align: center;\" width=\"297\">\u00a0<\/td>\n<td style=\"height: 68px; width: 28.5715%;\" width=\"183\">\u00a0<\/td>\n<td style=\"height: 68px; width: 30.5952%;\" width=\"271\">\u00a0<\/td>\n<\/tr>\n<tr style=\"height: 70px;\">\n<td style=\"width: 13.0952%; height: 14px;\">\n<p>12<sup>40<\/sup>-13<sup>00<\/sup><\/p>\n<\/td>\n<td style=\"text-align: center; width: 86.6667%; height: 14px;\" colspan=\"3\"><span style=\"color: #800000;\"><b>ZAKO\u0143CZENIE KONFERENCJI<\/b><\/span><\/td>\n<\/tr>\n<\/tbody>\n<\/table>\n<p align=\"CENTER\"><span style=\"font-size: large;\">\u00a0<\/span><strong>PROGRAM SZKOLE\u0143:<\/strong><\/p>\n<p style=\"font-weight: 400;\"><strong>PI\u0104TEK:<\/strong><\/p>\n<ul>\n<li style=\"font-weight: 400;\">\u00a0<\/li>\n<\/ul>\n<p style=\"font-weight: 400;\"><strong>SOBOTA:<\/strong><\/p>\n<ul>\n<li style=\"font-weight: 400;\">\u00a0<\/li>\n<\/ul>\n<p>Na podstawie rozporz\u0105dzenie Ministra Zdrowia z dnia 18 sierpnia 2023 r. w sprawie ustawicznego rozwoju zawodowego ratownik\u00f3w medycznych (Dz. U. 2023 r., poz. 1800) uczestnik uzyskuje:<\/p>\n<ul>\n<li>za udzia\u0142 w konferencji\u00a0<strong>15<\/strong>\u00a0punkt\u00f3w edukacyjnych;<\/li>\n<li>za udzia\u0142 w posiedzeniu szkoleniowym <strong>5<\/strong>\u00a0punkty edukacyjne;<\/li>\n<li>za przygotowanie i wyg\u0142oszenie referatu\u00a0<strong>6<\/strong>\u00a0punkt\u00f3w edukacyjnych.<\/li>\n<\/ul>\n<p>Ka\u017cdy z uczestnik\u00f3w otrzyma certyfikat potwierdzaj\u0105cy udzia\u0142 w danej formie samokszta\u0142cenia.<\/p>\n<p>Program pozamerytoryczny konferencji jest dost\u0119pny &#8211; <span style=\"text-decoration: underline;\"><span style=\"color: #0000ff; text-decoration: underline;\"><strong>TUTAJ<\/strong><\/span><\/span><\/p>\n\n\n<p><\/p>\n","protected":false},"excerpt":{"rendered":"<p>PROGRAMVIII \u015aL\u0104SKICH DNI MEDYCYNY STAN\u00d3W NAG\u0141YCH02 &#8211; 04 PA\u0179DZIERNIKA 2026r. \u2013 WIS\u0141A &#8222;HOTEL STOK&#8221; 15 punkt\u00f3w edukacyjnych PI\u0104TEK 02 pa\u017adziernika [&hellip;]<\/p>\n","protected":false},"author":1,"featured_media":0,"parent":0,"menu_order":0,"comment_status":"closed","ping_status":"closed","template":"","meta":{"footnotes":""},"class_list":["post-3523","page","type-page","status-publish","hentry"],"_links":{"self":[{"href":"https:\/\/konferencja-ptrm.pl\/index.php\/wp-json\/wp\/v2\/pages\/3523","targetHints":{"allow":["GET"]}}],"collection":[{"href":"https:\/\/konferencja-ptrm.pl\/index.php\/wp-json\/wp\/v2\/pages"}],"about":[{"href":"https:\/\/konferencja-ptrm.pl\/index.php\/wp-json\/wp\/v2\/types\/page"}],"author":[{"embeddable":true,"href":"https:\/\/konferencja-ptrm.pl\/index.php\/wp-json\/wp\/v2\/users\/1"}],"replies":[{"embeddable":true,"href":"https:\/\/konferencja-ptrm.pl\/index.php\/wp-json\/wp\/v2\/comments?post=3523"}],"version-history":[{"count":117,"href":"https:\/\/konferencja-ptrm.pl\/index.php\/wp-json\/wp\/v2\/pages\/3523\/revisions"}],"predecessor-version":[{"id":4796,"href":"https:\/\/konferencja-ptrm.pl\/index.php\/wp-json\/wp\/v2\/pages\/3523\/revisions\/4796"}],"wp:attachment":[{"href":"https:\/\/konferencja-ptrm.pl\/index.php\/wp-json\/wp\/v2\/media?parent=3523"}],"curies":[{"name":"wp","href":"https:\/\/api.w.org\/{rel}","templated":true}]}}