{"id":3679,"date":"2024-02-29T12:48:56","date_gmt":"2024-02-29T11:48:56","guid":{"rendered":"https:\/\/konferencja-ptrm.pl\/?page_id=3679"},"modified":"2025-03-14T11:50:02","modified_gmt":"2025-03-14T10:50:02","slug":"zglos-prace","status":"publish","type":"page","link":"https:\/\/konferencja-ptrm.pl\/index.php\/zglos-prace\/","title":{"rendered":"Zg\u0142o\u015b prac\u0119"},"content":{"rendered":"<p><span style=\"color: #000000;\"><strong>ABSTARKTY<\/strong><\/span><\/p>\n<p>W zwi\u0105zku z przygotowaniami do realizacji konferencji: \u201e<em>VII \u015al\u0105skie Dni Medycyny Stan\u00f3w Nag\u0142ych<\/em>\u201d istnieje mo\u017cliwo\u015b\u0107 zg\u0142oszenia do programu konferencji <strong>abstraktu<\/strong>, kt\u00f3ry zostanie wyg\u0142oszony podczas konferencji.<\/p>\n<p>Zakwalifikowane prace b\u0119d\u0105 przedstawiane w formie\u00a0<strong>15<\/strong>\u00a0<strong>minutowych<\/strong> wyst\u0105pie\u0144 ustnych wraz z prezentacj\u0105 multimedialn\u0105, prezentowanych podczas poszczeg\u00f3lnych sesji w trakcie trwania konferencji: \u201e<em>VI \u015al\u0105skie Dni Medycyny Stan\u00f3w Nag\u0142ych<\/em>\u201d w dniach <strong>26-26 wrze\u015bnia 2025 r. <\/strong>w Wi\u015ble w Hotelu Stok.<\/p>\n<p style=\"text-align: center;\"><strong>WA\u017bNE TERMINY<\/strong><\/p>\n<ul>\n<li><strong>1 kwietnia 2025 roku<\/strong>\u00a0\u2013 otwarcie naboru abstrakt\u00f3w<\/li>\n<li><strong>15 kwietnia 2025 roku<\/strong>\u00a0\u2013 zako\u0144czenie naboru abstrakt\u00f3w<\/li>\n<li><strong>25 kwietnia 2025 roku<\/strong>\u00a0\u2013 informacja o zaakceptowanych abstraktach dodanych do programu konferencji<\/li>\n<li><strong>1 wrze\u015bnia 2025 roku<\/strong>\u00a0\u2013 termin na przes\u0142anie prezentacji multimedialnej<\/li>\n<\/ul>\n<p><strong><br \/>\n<span style=\"color: #000000;\">SESJA PLAKATOWA<\/span><\/strong><\/p>\n<p>Drug\u0105 form\u0105 zg\u0142oszenia swojej pracy jest udzia\u0142 w <strong>Sesji Plakatowej<\/strong>. Ekspozycja prac odbywa\u0107 si\u0119\u0328 b\u0119dzie w pierwszym dniu trwania Konferencji, a prac wyr\u00f3\u017cnionych przez ca\u0142y czas trwania Konferencji na no\u015bnikach multimedialnych (monitory multimedialne) oraz na stronach internetowych prowadzonych przez Organizatora.<\/p>\n<p>W trakcie trwania Sesji Plakatowej przeprowadzony b\u0119dzie konkurs. Dla autora\/autoro\u0301w trzech najlepszych prac przewidziane s\u0105 nagrody. Og\u0142oszenie zwyci\u0119zc\u00f3w i wr\u0119czenie nagr\u00f3d nast\u0105pi w dniu 26 wrze\u015bnia 2025 r. podczas Uroczystej Kolacji.<\/p>\n<p style=\"text-align: center;\"><strong>WA\u017bNE TERMINY<\/strong><\/p>\n<ul style=\"list-style-type: disc;\">\n<li><strong>15 kwietnia 2025 roku<\/strong> \u2013 otwarcie naboru streszcze\u0144 prac do Sesji Plakatowej<\/li>\n<li><strong>1 sierpnia 2025 roku<\/strong> \u2013 zako\u0144czenie naboru streszcze\u0144 prac do Sesji Plakatowej<\/li>\n<li><strong>10 sierpnia 2025 roku<\/strong> \u2013 informacja o zakwalifikowanych pracach do Sesji Plakatowej<\/li>\n<li><strong>15 wrze\u015bnia 2025 roku<\/strong> \u2013 termin na dostarczenie pracy do Organizator\u00f3w<\/li>\n<\/ul>\n<p>Zach\u0119camy ratownik\u00f3w medycznych, piel\u0119gniarki, po\u0142o\u017cne, lekarzy oraz inne osoby do zg\u0142aszania abstrakt\u00f3w oraz prac do Sesji Plakatowej na tegoroczn\u0105 konferencj\u0119.<\/p>\n","protected":false},"excerpt":{"rendered":"<p>ABSTARKTY W zwi\u0105zku z przygotowaniami do realizacji konferencji: \u201eVII \u015al\u0105skie Dni Medycyny Stan\u00f3w Nag\u0142ych\u201d istnieje mo\u017cliwo\u015b\u0107 zg\u0142oszenia do programu konferencji [&hellip;]<\/p>\n","protected":false},"author":1,"featured_media":0,"parent":0,"menu_order":0,"comment_status":"closed","ping_status":"closed","template":"","meta":{"footnotes":""},"class_list":["post-3679","page","type-page","status-publish","hentry"],"_links":{"self":[{"href":"https:\/\/konferencja-ptrm.pl\/index.php\/wp-json\/wp\/v2\/pages\/3679","targetHints":{"allow":["GET"]}}],"collection":[{"href":"https:\/\/konferencja-ptrm.pl\/index.php\/wp-json\/wp\/v2\/pages"}],"about":[{"href":"https:\/\/konferencja-ptrm.pl\/index.php\/wp-json\/wp\/v2\/types\/page"}],"author":[{"embeddable":true,"href":"https:\/\/konferencja-ptrm.pl\/index.php\/wp-json\/wp\/v2\/users\/1"}],"replies":[{"embeddable":true,"href":"https:\/\/konferencja-ptrm.pl\/index.php\/wp-json\/wp\/v2\/comments?post=3679"}],"version-history":[{"count":5,"href":"https:\/\/konferencja-ptrm.pl\/index.php\/wp-json\/wp\/v2\/pages\/3679\/revisions"}],"predecessor-version":[{"id":4301,"href":"https:\/\/konferencja-ptrm.pl\/index.php\/wp-json\/wp\/v2\/pages\/3679\/revisions\/4301"}],"wp:attachment":[{"href":"https:\/\/konferencja-ptrm.pl\/index.php\/wp-json\/wp\/v2\/media?parent=3679"}],"curies":[{"name":"wp","href":"https:\/\/api.w.org\/{rel}","templated":true}]}}