{"id":3695,"date":"2024-02-29T13:37:07","date_gmt":"2024-02-29T12:37:07","guid":{"rendered":"https:\/\/konferencja-ptrm.pl\/?page_id=3695"},"modified":"2026-01-25T13:44:26","modified_gmt":"2026-01-25T12:44:26","slug":"zglos-prace-do-sesji-plakatowej","status":"publish","type":"page","link":"https:\/\/konferencja-ptrm.pl\/index.php\/zglos-prace-do-sesji-plakatowej\/","title":{"rendered":"Zg\u0142o\u015b prac\u0119 do SESJI PLAKATOWEJ!"},"content":{"rendered":"<p>W zwi\u0105zku z przygotowaniami do realizacji konferencji: \u201e<em>VIII \u015al\u0105skie Dni Medycyny Stan\u00f3w Nag\u0142ych<\/em>\u201d istnieje mo\u017cliwo\u015b\u0107 zg\u0142oszenia swojej pracy do Sesji Plakatowej.<\/p>\n<p>Prace do sesji plakatowej powinny dotyczy\u0107 nast\u0119puj\u0105cych temat\u00f3w:<\/p>\n<ul>\n<li><em>Krajowa Izba Ratownik\u00f3w Medycznych &#8211; co powinni\u015bmy wiedzie\u0107?<\/em><\/li>\n<li><em>Doskonalenie zawodowe ratownik\u00f3w medycznych &#8211; po co i jak?<\/em><\/li>\n<li><em>Perspektywy zawodu ratownik medyczny w kontek\u015bcie studi\u00f3w II stopnia.<\/em><\/li>\n<\/ul>\n<p>Ekspozycja prac odbywa\u0107 si\u0119\u0328 b\u0119dzie w pierwszym dniu trwania Konferencji, a prac wyr\u00f3\u017cnionych przez ca\u0142y czas trwania Konferencji na no\u015bnikach multimedialnych (monitory multimedialne) oraz na stronach internetowych prowadzonych przez Organizatora.<\/p>\n<p><strong>INSTRUKCJE DOTYCZ\u0104CE PRZESY\u0141ANIA PRAC DO SESJI PLAKATOWEJ<\/strong><\/p>\n<ol>\n<li>Przesy\u0142ane prace do Sesji Plakatowej powinny dotyczy\u0107 powy\u017cszych temat\u00f3w.<\/li>\n<li>Zg\u0142aszane prace musza\u0328 by\u0107 pracami oryginalnymi.<\/li>\n<li>Praca nie mo\u017ce by\u0107 uprzednio publikowana ani prezentowana na innych konferencjach naukowych.<\/li>\n<li>Streszczenie pracy nale\u017cy przygotowa\u0107 w j\u0119zyku polskim, w formacie .doc. i nale\u017cy je przes\u0142a\u0107 droga\u0328 elektroniczna\u0328 na adres e-mail: <span style=\"text-decoration: underline; color: #0000ff;\">rada.naukowa@ratmed.org<\/span> w temacie wpisuj\u0105c: \u201e<em>Sesja Plakatowa &#8211; streszczenie<\/em>\u201d.<\/li>\n<li>Warunkiem udzia\u0142u w sesji plakatowej jest:<br \/>\na) dokonanie i uiszczenie op\u0142aty za udzia\u0142 w Konferencji,<br \/>\nb) przes\u0142anie formularza zg\u0142oszeniowego pracy do sesji plakatowej,<br \/>\nc) uzyskanie pozytywnej recenzji przes\u0142anego w formularzu zg\u0142oszeniowym streszczenia pracy.<\/li>\n<li>Obj\u0119to\u015b\u0107 streszczenia nie powinna przekracza\u0107 1 strony, maksymalna liczba znak\u00f3w to 2500 (1 strona A4 znormalizowan\u0105), z wy\u0142\u0105czeniem tytu\u0142u i informacji o autorze.<\/li>\n<li>Streszczenie dotycz\u0105ce plakatu do sesji plakatowej mo\u017cna zg\u0142asza\u0107 wy\u0142\u0105czenie poprzez niniejszy formularz zg\u0142oszeniowy w terminie do dnia <strong>15 lipca 2026 r.<\/strong><\/li>\n<li>Formularz zg\u0142oszeniowy nale\u017cy przes\u0142a\u0107 na adres: <span style=\"text-decoration: underline;\"><span style=\"color: #0000ff; text-decoration: underline;\">rada.naukowa@ratmed.org<\/span><\/span>.<\/li>\n<li>Nie ma ogranicze\u0144 co do liczby prac, kt\u00f3re dana osoba mo\u017ce przes\u0142a\u0107.<\/li>\n<li>Zg\u0142aszaj\u0105c prac\u0119 nale\u017cy poprawnie wpisa\u0107 imi\u0119 i nazwisko oraz adres e-mail zg\u0142aszaj\u0105cego &#8211; dane te b\u0119d\u0105 s\u0142u\u017cy\u0142y do dalszej korespondencji z autorem.<\/li>\n<li>Tytu\u0142 powinien by\u0107 zwi\u0119z\u0142y, jasno wskazuj\u0105cy na charakter i zawarto\u015b\u0107 przygotowanych do pracy materia\u0142\u00f3w.<\/li>\n<li>Nazwisko autora &#8211; podajemy pe\u0142ne imi\u0119 (imiona) i nazwiska autora, stopnie naukowe oraz pe\u0142ne afiliacje.<\/li>\n<li>Wszystkie zg\u0142oszone streszczenia b\u0119d\u0105 recenzowane przez wybranych cz\u0142onk\u00f3w Komitetu Naukowego Konferencji.<\/li>\n<li>Przes\u0142anie niniejszego formularza zg\u0142oszeniowego jest r\u00f3wnoznaczne z uzyskaniem zgody na prezentacje\u0328 pracy od wszystkich wsp\u00f3\u0142autor\u00f3w i kierownika jednostki, z kt\u00f3rej praca pochodzi.<\/li>\n<li>Autor\/autorzy prac, w trakcie trwania sesji plakatowej powinni pozostawa\u0107 przy swoich pracach, tak, aby mo\u017cliwa by\u0142a wymiana pogl\u0105d\u00f3w i dyskusja miedzy autorami i uczestnikami Konferencji.<\/li>\n<li>Ocena streszcze\u0144 przez wybranych cz\u0142onk\u00f3w Komitetu Naukowego Konferencji nast\u0105pi do <strong>15 sierpnia 2026 r<\/strong>.<\/li>\n<li>Kryteria oceny:<br \/>\na) tre\u015b\u0107 i warto\u015b\u0107 merytoryczna,<br \/>\nb) oryginalno\u015b\u0107,<br \/>\nc) metodyka,<br \/>\na) spos\u00f3b prezentacji zagadnienia.<\/li>\n<li>Autor\/autorzy, kt\u00f3rych prace zostan\u0105 pozytywnie zrecenzowane przez cz\u0142onk\u00f3w Komitetu Naukowego Konferencji i zakwalifikowane do prezentacji podczas Konferencji, zostan\u0105\u0328 o tym powiadomieni przez Organizatora droga\u0328 elektroniczna\u0328 (e-mailem), do dnia <strong>20 sierpnia 2026 r.<\/strong><\/li>\n<li>Prace zakwalifikowane do prezentacji na Konferencji musza\u0328 zosta\u0107 dostarczone w terminie do <strong>15 wrze\u015bnia 2026 r<\/strong>. na adres wskazany w otrzymanym powiadomieniu przyj\u0119cia pracy do prezentacji.<\/li>\n<li>Autorzy zakwalifikowanych prac s\u0105\u0328 zobowi\u0105zani do przygotowania plakatu w formie multimedialnej \u2013 plik graficzny (orientacja pionowa). Wed\u0142ug nast\u0119puj\u0105cej specyfikacji technicznej:<br \/>\na) format pliku: .jpg b\u0105d\u017a .png,<br \/>\nb) pliki musza\u0328 by\u0107 dostarczone w dw\u00f3ch rozdzielczo\u015bciach: 3840&#215;2160 px oraz 1920&#215;1080 px.<\/li>\n<li>W przypadku niedotrzymania ww. warunk\u00f3w Rada Naukowa Polskiego Towarzystwa Ratownik\u00f3w Medycznych usunie prac\u0119 z sesji plakatowej.<\/li>\n<li>Ekspozycja prac odbywa\u0107 si\u0119 b\u0119dzie w pierwszym dniu trwania Konferencji, a prac wyr\u00f3\u017cnionych przez ca\u0142y czas trwania Konferencji na no\u015bnikach multimedialnych (monitory multimedialne) oraz na stronach internetowych prowadzonych przez Organizatora.<\/li>\n<li>Organizator konferencji zapewnia autorowi zaakceptowanej pracy bezp\u0142atny dost\u0119p do pokoju dla wyk\u0142adowc\u00f3w i wystawc\u00f3w w okresie 1 godziny poprzedzaj\u0105cej czas wyk\u0142adu oraz 1 godziny po wyg\u0142oszeniu wyk\u0142adu. W pokoju dla wyk\u0142adowc\u00f3w i wystawc\u00f3w organizator zapewnia bezp\u0142atny dost\u0119p do ciep\u0142ych i zimnych napoj\u00f3w oraz s\u0142odkiej i s\u0142onej przek\u0105ski.<\/li>\n<li>Zaprezentowanie pracy podczas sesji plakatowej, kt\u00f3ra odb\u0119dzie si\u0119 w pierwszym dniu konferencji tj. 4 pa\u017adziernika 2024 r. b\u0119dzie potwierdzone Certyfikatem zawieraj\u0105cym temat zaprezentowanej pracy i jej autor\u00f3w.<\/li>\n<li>Wszystkie informacje zwi\u0105zane ze zg\u0142oszeniem pracy do Sesji Plakatowej s\u0105 dost\u0119pne na stronie internetowej pod adresem: <span style=\"text-decoration: underline;\"><span style=\"color: #0000ff; text-decoration: underline;\">https:\/\/konferencja-ptrm.pl<\/span><\/span><\/li>\n<li>Autora nadsy\u0142aj\u0105cego abstrakt obowi\u0105zuje regulamin konferencji dost\u0119pny\u00a0<a href=\"https:\/\/konferencja-ptrm.pl\/index.php\/regulamin-konferencji-2\/\"><strong><u>TUTAJ<\/u><\/strong><\/a>.<\/li>\n<\/ol>\n<p><a href=\"https:\/\/konferencja-ptrm.pl\/wp-content\/uploads\/2026\/01\/2025-03-14-Zalacznik-nr-2-do-regulaminu-Formularz-zgloszenia-SESJA-PLAKATOWA-wersja-edycyjna.pdf\"><img loading=\"lazy\" decoding=\"async\" class=\"alignnone wp-image-3701 size-full\" title=\"https:\/\/konferencja-ptrm.pl\/wp-content\/uploads\/2026\/01\/2025-03-14-Zalacznik-nr-2-do-regulaminu-Formularz-zgloszenia-SESJA-PLAKATOWA-wersja-edycyjna.pdf\" src=\"https:\/\/konferencja-ptrm.pl\/wp-content\/uploads\/2024\/02\/2024-02-29-Przycisk-do-pobrania-formularz-zgloszeniowy-SESJA-PLAKATOWA-wersja-pdf.jpg\" alt=\"\" width=\"245\" height=\"250\" \/><\/a><\/p>\n","protected":false},"excerpt":{"rendered":"<p>W zwi\u0105zku z przygotowaniami do realizacji konferencji: \u201eVIII \u015al\u0105skie Dni Medycyny Stan\u00f3w Nag\u0142ych\u201d istnieje mo\u017cliwo\u015b\u0107 zg\u0142oszenia swojej pracy do Sesji [&hellip;]<\/p>\n","protected":false},"author":1,"featured_media":0,"parent":0,"menu_order":0,"comment_status":"closed","ping_status":"closed","template":"","meta":{"footnotes":""},"class_list":["post-3695","page","type-page","status-publish","hentry"],"_links":{"self":[{"href":"https:\/\/konferencja-ptrm.pl\/index.php\/wp-json\/wp\/v2\/pages\/3695","targetHints":{"allow":["GET"]}}],"collection":[{"href":"https:\/\/konferencja-ptrm.pl\/index.php\/wp-json\/wp\/v2\/pages"}],"about":[{"href":"https:\/\/konferencja-ptrm.pl\/index.php\/wp-json\/wp\/v2\/types\/page"}],"author":[{"embeddable":true,"href":"https:\/\/konferencja-ptrm.pl\/index.php\/wp-json\/wp\/v2\/users\/1"}],"replies":[{"embeddable":true,"href":"https:\/\/konferencja-ptrm.pl\/index.php\/wp-json\/wp\/v2\/comments?post=3695"}],"version-history":[{"count":9,"href":"https:\/\/konferencja-ptrm.pl\/index.php\/wp-json\/wp\/v2\/pages\/3695\/revisions"}],"predecessor-version":[{"id":4754,"href":"https:\/\/konferencja-ptrm.pl\/index.php\/wp-json\/wp\/v2\/pages\/3695\/revisions\/4754"}],"wp:attachment":[{"href":"https:\/\/konferencja-ptrm.pl\/index.php\/wp-json\/wp\/v2\/media?parent=3695"}],"curies":[{"name":"wp","href":"https:\/\/api.w.org\/{rel}","templated":true}]}}