{"id":3923,"date":"2024-03-28T10:50:31","date_gmt":"2024-03-28T09:50:31","guid":{"rendered":"https:\/\/konferencja-ptrm.pl\/?page_id=3923"},"modified":"2026-02-01T22:06:56","modified_gmt":"2026-02-01T21:06:56","slug":"koszty-udzialu","status":"publish","type":"page","link":"https:\/\/konferencja-ptrm.pl\/index.php\/koszty-udzialu\/","title":{"rendered":"Koszty udzia\u0142u"},"content":{"rendered":"<h2 style=\"text-align: left;\"><strong>Op\u0142ata konferencyjna:<\/strong><\/h2>\n<table style=\"height: 92px; width: 100%; border-collapse: collapse; border-color: #090f7d; background-color: #76badb;\">\n<tbody>\n<tr style=\"height: 46px;\">\n<td style=\"width: 206.967px; border-color: #1809eb; height: 46px; background-color: #ffffff; text-align: center;\"><\/td>\n<td style=\"width: 206.95px; border-color: #1912e0; background-color: #adf2a7; height: 46px; text-align: center;\"><strong>I termin<\/strong><br \/>\n<strong>01.02.2026 &#8211; 15.04.2026<\/strong><\/td>\n<td style=\"width: 206.967px; border-color: #1026e8; background-color: #f7f6b5; height: 46px; text-align: center;\"><strong>II termin<\/strong><br \/>\n<strong>16.04.2026 &#8211; 15.08.2026<\/strong><\/td>\n<td style=\"width: 206.95px; border-color: #152ae8; background-color: #faa5a5; height: 46px; text-align: center;\"><strong>III termin<\/strong><br \/>\n<strong>16.08.2026 &#8211; 30.09.2026<\/strong><\/td>\n<\/tr>\n<tr style=\"height: 23px;\">\n<td style=\"width: 206.967px; height: 23px; background-color: #c0afcc; text-align: center;\"><strong><strong>Uczestnik<\/strong><\/strong><\/td>\n<td style=\"width: 206.95px; height: 23px; text-align: center;\"><strong>889 z\u0142.<\/strong><\/td>\n<td style=\"width: 206.967px; height: 23px; text-align: center;\"><strong>999 z\u0142.<\/strong><\/td>\n<td style=\"width: 206.95px; height: 23px; text-align: center;\"><strong>1099 z\u0142.<\/strong><\/td>\n<\/tr>\n<tr style=\"height: 23px; border-color: #121654;\">\n<td style=\"width: 206.967px; height: 23px; background-color: #def0c9; text-align: center;\"><strong>Uczestnik &#8211; cz\u0142onek PTRM<\/strong><\/td>\n<td style=\"width: 206.95px; height: 23px; background-color: #e7ebbc; text-align: center;\"><strong>799 z\u0142.<\/strong><\/td>\n<td style=\"width: 206.967px; height: 23px; text-align: center;\"><strong>999 z\u0142.<\/strong><\/td>\n<td style=\"width: 206.95px; height: 23px; text-align: center;\"><strong>1099 z\u0142.<\/strong><\/td>\n<\/tr>\n<\/tbody>\n<\/table>\n<h2><strong>Op\u0142ata za udzia\u0142 w posiedzeniach szkoleniowych &#8211; opcja dodatkowo p\u0142atna:<\/strong><\/h2>\n<table style=\"width: 100%;\">\n<tbody>\n<tr>\n<td style=\"width: 26.9048%; text-align: center;\"><strong>Posiedzenia szkoleniowe w dniach 02-03.10.2025 r.<\/strong><\/td>\n<td style=\"width: 4.64286%; text-align: center;\" colspan=\"3\"><strong>Cena:<\/strong><\/td>\n<\/tr>\n<tr>\n<td style=\"width: 26.9048%; background-color: #ebbcbc;\"><strong>Posiedzenia szkoleniowe z ograniczon\u0105 liczb\u0105 uczestnik\u00f3w<\/strong><\/td>\n<td style=\"width: 4.64286%; text-align: center; background-color: #ebbcbc;\" colspan=\"3\"><strong>80 z\u0142.<\/strong><\/td>\n<\/tr>\n<tr>\n<td style=\"width: 26.9048%; background-color: #f4f5b0;\"><strong>Posiedzenia szkoleniowe bez ograniczonej liczby uczestnik\u00f3w<\/strong><\/td>\n<td style=\"width: 4.64286%; text-align: center; background-color: #f4f5b0;\" colspan=\"3\"><strong>50 z\u0142<\/strong><\/td>\n<\/tr>\n<\/tbody>\n<\/table>\n<h2><strong>Op\u0142ata za nocleg w czasie trwania konferencji w Hotelu Stok &#8211; opcja dodatkowo p\u0142atna:<\/strong><\/h2>\n<table style=\"border-collapse: collapse; width: 100%;\">\n<tbody>\n<tr>\n<td style=\"width: 64.6429%; text-align: center; background-color: #5bccfc;\"><strong>Rodzaj pokoju:<\/strong><\/td>\n<td style=\"width: 35.3571%; text-align: center; background-color: #5bccfc;\"><strong>Cena za dob\u0119:<\/strong><\/td>\n<\/tr>\n<tr>\n<td style=\"width: 64.6429%; background-color: #fffad6;\">Pok\u00f3j 1-osobowy<\/td>\n<td style=\"width: 35.3571%; text-align: center; background-color: #fffad6;\">475 z\u0142.<\/td>\n<\/tr>\n<tr>\n<td style=\"width: 64.6429%; background-color: #a2dbaa;\">Pok\u00f3j 2-osobowy<\/td>\n<td style=\"width: 35.3571%; text-align: center; background-color: #a2dbaa;\">540 z\u0142.<\/td>\n<\/tr>\n<tr>\n<td style=\"width: 64.6429%; background-color: #fffad6;\">Pok\u00f3j 3-osobowy<\/td>\n<td style=\"width: 35.3571%; text-align: center; background-color: #fffad6;\">705 z\u0142.<\/td>\n<\/tr>\n<tr>\n<td style=\"width: 64.6429%; background-color: #a2dbaa;\">Pok\u00f3j 3 osobowy\u00a0 &#8211; dwa pokoje typu Studio Junior<\/td>\n<td style=\"width: 35.3571%; text-align: center; background-color: #a2dbaa;\">780 z\u0142.<\/td>\n<\/tr>\n<tr>\n<td style=\"width: 64.6429%; background-color: #fffad6;\">Pok\u00f3j &#8211; 4 osobowy &#8211; dwa pokoje dwuosobowe typu Studio<\/td>\n<td style=\"width: 35.3571%; text-align: center; background-color: #fffad6;\">820 z\u0142.<\/td>\n<\/tr>\n<\/tbody>\n<\/table>\n<p style=\"text-align: center;\">\n","protected":false},"excerpt":{"rendered":"<p>Op\u0142ata konferencyjna: I termin 01.02.2026 &#8211; 15.04.2026 II termin 16.04.2026 &#8211; 15.08.2026 III termin 16.08.2026 &#8211; 30.09.2026 Uczestnik 889 z\u0142. [&hellip;]<\/p>\n","protected":false},"author":1,"featured_media":0,"parent":0,"menu_order":0,"comment_status":"closed","ping_status":"closed","template":"","meta":{"footnotes":""},"class_list":["post-3923","page","type-page","status-publish","hentry"],"_links":{"self":[{"href":"https:\/\/konferencja-ptrm.pl\/index.php\/wp-json\/wp\/v2\/pages\/3923","targetHints":{"allow":["GET"]}}],"collection":[{"href":"https:\/\/konferencja-ptrm.pl\/index.php\/wp-json\/wp\/v2\/pages"}],"about":[{"href":"https:\/\/konferencja-ptrm.pl\/index.php\/wp-json\/wp\/v2\/types\/page"}],"author":[{"embeddable":true,"href":"https:\/\/konferencja-ptrm.pl\/index.php\/wp-json\/wp\/v2\/users\/1"}],"replies":[{"embeddable":true,"href":"https:\/\/konferencja-ptrm.pl\/index.php\/wp-json\/wp\/v2\/comments?post=3923"}],"version-history":[{"count":23,"href":"https:\/\/konferencja-ptrm.pl\/index.php\/wp-json\/wp\/v2\/pages\/3923\/revisions"}],"predecessor-version":[{"id":4800,"href":"https:\/\/konferencja-ptrm.pl\/index.php\/wp-json\/wp\/v2\/pages\/3923\/revisions\/4800"}],"wp:attachment":[{"href":"https:\/\/konferencja-ptrm.pl\/index.php\/wp-json\/wp\/v2\/media?parent=3923"}],"curies":[{"name":"wp","href":"https:\/\/api.w.org\/{rel}","templated":true}]}}