{"id":932,"date":"2020-02-20T18:50:34","date_gmt":"2020-02-20T17:50:34","guid":{"rendered":"https:\/\/konferencja-ptrm.pl\/?page_id=932"},"modified":"2026-03-06T18:16:48","modified_gmt":"2026-03-06T17:16:48","slug":"strona-glowna","status":"publish","type":"page","link":"https:\/\/konferencja-ptrm.pl\/","title":{"rendered":"Strona g\u0142\u00f3wna"},"content":{"rendered":"<div id=\"pl-932\"  class=\"panel-layout\" ><div id=\"pg-932-0\"  class=\"panel-grid panel-no-style\" ><div id=\"pgc-932-0-0\"  class=\"panel-grid-cell panel-grid-cell-empty\" ><\/div><div id=\"pgc-932-0-1\"  class=\"panel-grid-cell panel-grid-cell-empty\" ><\/div><div id=\"pgc-932-0-2\"  class=\"panel-grid-cell panel-grid-cell-empty panel-grid-cell-mobile-last\" ><\/div><div id=\"pgc-932-0-3\"  class=\"panel-grid-cell panel-grid-cell-empty\" ><\/div><\/div><div id=\"pg-932-1\"  class=\"panel-grid panel-no-style\" ><div id=\"pgc-932-1-0\"  class=\"panel-grid-cell panel-grid-cell-empty\" ><\/div><div id=\"pgc-932-1-1\"  class=\"panel-grid-cell panel-grid-cell-empty\" ><\/div><div id=\"pgc-932-1-2\"  class=\"panel-grid-cell panel-grid-cell-empty\" ><\/div><div id=\"pgc-932-1-3\"  class=\"panel-grid-cell panel-grid-cell-empty\" ><\/div><div id=\"pgc-932-1-4\"  class=\"panel-grid-cell panel-grid-cell-empty panel-grid-cell-mobile-last\" ><\/div><div id=\"pgc-932-1-5\"  class=\"panel-grid-cell panel-grid-cell-empty\" ><\/div><\/div><div id=\"pg-932-2\"  class=\"panel-grid panel-no-style\" ><div id=\"pgc-932-2-0\"  class=\"panel-grid-cell panel-grid-cell-empty\" ><\/div><div id=\"pgc-932-2-1\"  class=\"panel-grid-cell panel-grid-cell-mobile-last\" ><div id=\"panel-932-2-1-0\" class=\"so-panel widget widget_black-studio-tinymce widget_black_studio_tinymce panel-first-child\" data-index=\"0\" ><div class=\"textwidget\"><p>&nbsp;<\/p>\n<p><span style=\"color: #0000ff; font-size: 14pt;\"><strong>Szanowni Pa\u0144stwo,<br \/>\nDrogie Kole\u017canki, drodzy Koledzy;<\/strong><\/span><\/p>\n<p style=\"text-align: justify;\">W dniach 2\u20134 pa\u017adziernika 2026 roku malownicza Wis\u0142a ponownie stanie si\u0119 centrum wymiany wiedzy i do\u015bwiadcze\u0144 specjalist\u00f3w zajmuj\u0105cych si\u0119 medycyn\u0105 stan\u00f3w nag\u0142ych. To wydarzenie, kt\u00f3re od lat gromadzi specjalist\u00f3w r\u00f3\u017cnych dziedzin medycyny, staj\u0105c si\u0119 przestrzeni\u0105 wymiany do\u015bwiadcze\u0144, aktualizacji wiedzy oraz rozwijania praktycznych umiej\u0119tno\u015bci. Tegoroczna edycja odb\u0119dzie si\u0119 po raz kolejny w komfortowych przestrzeniach Hotelu Stok, kt\u00f3ry od lat go\u015bci \u015brodowisko medyczne z ca\u0142ej Polski.<\/p>\n<p style=\"text-align: justify;\">Jak co roku, program merytoryczny obejmuje wyk\u0142ady prowadzone przez uznanych ekspert\u00f3w, reprezentuj\u0105cych r\u00f3\u017cne specjalizacje zwi\u0105zane z medycyn\u0105 stan\u00f3w nag\u0142ych. VIII \u015al\u0105skie Dni Medycyny Stan\u00f3w Nag\u0142ych to trzy dni intensywnych wyk\u0142ad\u00f3w, warsztat\u00f3w i dyskusji po\u015bwi\u0119conych najnowszym standardom post\u0119powania w stanach zagro\u017cenia \u017cycia. Tematyka zosta\u0142a r\u00f3wnie\u017c dobrana na podstawie Pa\u0144stwa sugestii z poprzedniej edycji, dzi\u0119ki czemu odpowiada aktualnym potrzebom \u015brodowiska medycznego. Wydarzenie ma r\u00f3wnie\u017c silny wymiar praktyczny. Tradycyjnie przygotowali\u015bmy bogat\u0105 ofert\u0119 warsztat\u00f3w, obejmuj\u0105cych zar\u00f3wno procedury kliniczne, medycyn\u0119 taktyczn\u0105, jak i umiej\u0119tno\u015bci mi\u0119kkie, prac\u0119 zespo\u0142ow\u0105 czy symulacje sytuacji wysokiego ryzyka. Dbamy o to, aby ka\u017cdy uczestnik \u2013 niezale\u017cnie od zawodu medycznego \u2013 znalaz\u0142 zaj\u0119cia odpowiadaj\u0105ce jego kompetencjom i oczekiwaniom.<\/p>\n<p>Program wydarzenia obejmuje:<\/p>\n<p>\u2022 aktualne wytyczne i rekomendacje w medycynie stan\u00f3w nag\u0142ych,<br \/>\n\u2022 praktyczne sesje warsztatowe prowadzone przez ekspert\u00f3w,<br \/>\n\u2022 prezentacje przypadk\u00f3w klinicznych,<br \/>\n\u2022 panele dyskusyjne dotycz\u0105ce wyzwa\u0144 systemowych i organizacyjnych,<br \/>\n\u2022 spotkania integracyjne sprzyjaj\u0105ce wymianie do\u015bwiadcze\u0144.<\/p>\n<p style=\"text-align: justify;\"><a href=\"https:\/\/www.hotelstok.pl\/\">Hotel Stok<\/a> w Wi\u015ble oferuje doskona\u0142e warunki do nauki i odpoczynku. Uczestnicy b\u0119d\u0105 mogli korzysta\u0107 z nowoczesnej infrastruktury konferencyjnej, a po intensywnym dniu \u2013 z bogatej oferty rekreacyjnej obiektu oraz urok\u00f3w Beskidu \u015al\u0105skiego.<\/p>\n<p>Wydarzenie kierowane jest do:<\/p>\n<ul>\n<li>piel\u0119gniarek, po\u0142o\u017cnych i ratownik\u00f3w medycznych,<\/li>\n<li>lekarzy, fizjoterapeut\u00f3w, diagnost\u00f3w laboratoryjnych, opiekun\u00f3w medycznych,<\/li>\n<li>specjalist\u00f3w i rezydent\u00f3w innych dziedzin medycznych,<\/li>\n<li>os\u00f3b zaanga\u017cowanych w organizacj\u0119 systemu Pa\u0144stwowego Ratownictwa Medycznego<\/li>\n<li>student\u00f3w kierunk\u00f3w medycznych,<\/li>\n<li>os\u00f3b zwi\u0105zanych z ratownictwem,<\/li>\n<li>oraz wszystkich interesuj\u0105cych si\u0119 szeroko rozumianym ratownictwem medycznym.<\/li>\n<\/ul>\n<p style=\"text-align: justify;\">Serdecznie zapraszamy do udzia\u0142u w tym wyj\u0105tkowym wydarzeniu, kt\u00f3re \u0142\u0105czy teori\u0119, praktyk\u0119 i interdyscyplinarne spojrzenie na medycyn\u0119 stan\u00f3w nag\u0142ych. Wierzymy, \u017ce tegoroczna edycja przyniesie Pa\u0144stwu inspiracj\u0119, rozw\u00f3j i satysfakcj\u0119 z aktywnego uczestnictwa w jednym z najwa\u017cniejszych wydarze\u0144 edukacyjnych w Polsce.<\/p>\n<p style=\"text-align: left;\"><span style=\"color: #0000ff; font-size: 14pt;\"><strong>Zapraszamy 2 pa\u017adziernika do Wis\u0142y!!!<\/strong><\/span><\/p>\n<p style=\"text-align: left;\"><span style=\"font-size: 14pt; color: #0000ff;\"><em><strong>Komitet Organizacyjny<br \/>\nVIII \u015al\u0105skich Dni Medycyny Stan\u00f3w Nag\u0142ych<\/strong><\/em><\/span><\/p>\n<\/div><\/div><div id=\"panel-932-2-1-1\" class=\"so-panel widget widget_black-studio-tinymce widget_black_studio_tinymce panel-last-child\" data-index=\"1\" ><div class=\"textwidget\"><p style=\"text-align: center;\"><span style=\"font-size: 10pt;\"><em><strong>\u00a0<\/strong><\/em><\/span><\/p>\n<p>&nbsp;<\/p>\n<\/div><\/div><\/div><div id=\"pgc-932-2-2\"  class=\"panel-grid-cell panel-grid-cell-empty\" ><\/div><\/div><div id=\"pg-932-3\"  class=\"panel-grid panel-no-style\" ><div id=\"pgc-932-3-0\"  class=\"panel-grid-cell panel-grid-cell-empty\" ><\/div><div id=\"pgc-932-3-1\"  class=\"panel-grid-cell panel-grid-cell-mobile-last\" ><div id=\"panel-932-3-1-0\" class=\"so-panel widget widget_black-studio-tinymce widget_black_studio_tinymce panel-first-child\" data-index=\"2\" ><div class=\"textwidget\"><h2>Organizator<\/h2>\n<hr \/>\n<p><img loading=\"lazy\" decoding=\"async\" class=\"aligncenter wp-image-3478\" src=\"https:\/\/konferencja-ptrm.pl\/wp-content\/uploads\/2024\/02\/Logo-200x200-1.png\" alt=\"\" width=\"165\" height=\"165\" srcset=\"https:\/\/konferencja-ptrm.pl\/wp-content\/uploads\/2024\/02\/Logo-200x200-1.png 200w, https:\/\/konferencja-ptrm.pl\/wp-content\/uploads\/2024\/02\/Logo-200x200-1-150x150.png 150w\" sizes=\"auto, (max-width: 165px) 100vw, 165px\" \/><\/p>\n<\/div><\/div><div id=\"panel-932-3-1-1\" class=\"so-panel widget widget_black-studio-tinymce widget_black_studio_tinymce\" data-index=\"3\" ><div class=\"textwidget\"><h2>Patronat Honorowy<\/h2>\n<hr \/>\n<p style=\"padding-left: 40px;\">\n<\/div><\/div><div id=\"panel-932-3-1-2\" class=\"so-panel widget widget_black-studio-tinymce widget_black_studio_tinymce\" data-index=\"4\" ><div class=\"textwidget\"><h2>Partner G\u0142\u00f3wny<\/h2>\n<hr \/>\n<p style=\"padding-left: 40px; text-align: center;\"><img loading=\"lazy\" decoding=\"async\" class=\"aligncenter wp-image-4566\" src=\"https:\/\/konferencja-ptrm.pl\/wp-content\/uploads\/2025\/07\/INTER_flat_Logo_granat_PL_2025-300x300.jpg\" alt=\"\" width=\"400\" height=\"400\" srcset=\"https:\/\/konferencja-ptrm.pl\/wp-content\/uploads\/2025\/07\/INTER_flat_Logo_granat_PL_2025-300x300.jpg 300w, https:\/\/konferencja-ptrm.pl\/wp-content\/uploads\/2025\/07\/INTER_flat_Logo_granat_PL_2025-150x150.jpg 150w, https:\/\/konferencja-ptrm.pl\/wp-content\/uploads\/2025\/07\/INTER_flat_Logo_granat_PL_2025-768x768.jpg 768w, https:\/\/konferencja-ptrm.pl\/wp-content\/uploads\/2025\/07\/INTER_flat_Logo_granat_PL_2025.jpg 787w\" sizes=\"auto, (max-width: 400px) 100vw, 400px\" \/><\/p>\n<\/div><\/div><div id=\"panel-932-3-1-3\" class=\"so-panel widget widget_black-studio-tinymce widget_black_studio_tinymce\" data-index=\"5\" ><div class=\"textwidget\"><h2>Wsp\u00f3\u0142organizatorzy<\/h2>\n<hr \/>\n<p>&nbsp;<\/p>\n<p><img loading=\"lazy\" decoding=\"async\" class=\"aligncenter wp-image-2082\" src=\"https:\/\/konferencja-ptrm.pl\/wp-content\/uploads\/2021\/05\/LOGO-PKRM-e1630353933437.png\" alt=\"\" width=\"125\" height=\"139\" \/><\/p>\n<\/div><\/div><div id=\"panel-932-3-1-4\" class=\"so-panel widget widget_black-studio-tinymce widget_black_studio_tinymce\" data-index=\"6\" ><div class=\"textwidget\"><h2>Patronat Merytoryczny<\/h2>\n<hr \/>\n<h2><strong><em><a href=\"https:\/\/ptpr.org.pl\/\"><img loading=\"lazy\" decoding=\"async\" class=\"aligncenter size-full wp-image-4769\" src=\"https:\/\/konferencja-ptrm.pl\/wp-content\/uploads\/2026\/01\/PTPR_LOGOTYP_1a.jpg\" alt=\"\" width=\"248\" height=\"300\" \/><\/a><\/em><\/strong><\/h2>\n<\/div><\/div><div id=\"panel-932-3-1-5\" class=\"so-panel widget widget_black-studio-tinymce widget_black_studio_tinymce\" data-index=\"7\" ><div class=\"textwidget\"><h2>Partner Strategiczny<\/h2>\n<hr \/>\n<p style=\"padding-left: 40px; text-align: center;\"><img loading=\"lazy\" decoding=\"async\" class=\"aligncenter wp-image-4819\" src=\"https:\/\/konferencja-ptrm.pl\/wp-content\/uploads\/2026\/02\/fsm_cmyk_horizontal_color-300x120.jpg\" alt=\"\" width=\"350\" height=\"140\" srcset=\"https:\/\/konferencja-ptrm.pl\/wp-content\/uploads\/2026\/02\/fsm_cmyk_horizontal_color-300x120.jpg 300w, https:\/\/konferencja-ptrm.pl\/wp-content\/uploads\/2026\/02\/fsm_cmyk_horizontal_color-1024x409.jpg 1024w, https:\/\/konferencja-ptrm.pl\/wp-content\/uploads\/2026\/02\/fsm_cmyk_horizontal_color-768x306.jpg 768w, https:\/\/konferencja-ptrm.pl\/wp-content\/uploads\/2026\/02\/fsm_cmyk_horizontal_color-1536x613.jpg 1536w, https:\/\/konferencja-ptrm.pl\/wp-content\/uploads\/2026\/02\/fsm_cmyk_horizontal_color-2048x817.jpg 2048w\" sizes=\"auto, (max-width: 350px) 100vw, 350px\" \/><\/p>\n<\/div><\/div><div id=\"panel-932-3-1-6\" class=\"so-panel widget widget_black-studio-tinymce widget_black_studio_tinymce\" data-index=\"8\" ><div class=\"textwidget\"><h2>Partnerzy Merytoryczni<\/h2>\n<hr \/>\n<p>&nbsp;<\/p>\n<p><img loading=\"lazy\" decoding=\"async\" class=\"aligncenter wp-image-4569\" src=\"https:\/\/konferencja-ptrm.pl\/wp-content\/uploads\/2025\/07\/Logo-OZPPL-300x300.jpg\" alt=\"\" width=\"150\" height=\"150\" srcset=\"https:\/\/konferencja-ptrm.pl\/wp-content\/uploads\/2025\/07\/Logo-OZPPL-300x300.jpg 300w, https:\/\/konferencja-ptrm.pl\/wp-content\/uploads\/2025\/07\/Logo-OZPPL-1024x1024.jpg 1024w, https:\/\/konferencja-ptrm.pl\/wp-content\/uploads\/2025\/07\/Logo-OZPPL-150x150.jpg 150w, https:\/\/konferencja-ptrm.pl\/wp-content\/uploads\/2025\/07\/Logo-OZPPL-768x768.jpg 768w, https:\/\/konferencja-ptrm.pl\/wp-content\/uploads\/2025\/07\/Logo-OZPPL-1536x1536.jpg 1536w, https:\/\/konferencja-ptrm.pl\/wp-content\/uploads\/2025\/07\/Logo-OZPPL.jpg 2048w\" sizes=\"auto, (max-width: 150px) 100vw, 150px\" \/><img loading=\"lazy\" decoding=\"async\" class=\"aligncenter size-medium wp-image-3598\" src=\"https:\/\/konferencja-ptrm.pl\/wp-content\/uploads\/2024\/02\/2024-02-27-Szpital-Rybnik-300x174.jpg\" alt=\"\" width=\"300\" height=\"174\" srcset=\"https:\/\/konferencja-ptrm.pl\/wp-content\/uploads\/2024\/02\/2024-02-27-Szpital-Rybnik-300x174.jpg 300w, https:\/\/konferencja-ptrm.pl\/wp-content\/uploads\/2024\/02\/2024-02-27-Szpital-Rybnik.jpg 396w\" sizes=\"auto, (max-width: 300px) 100vw, 300px\" \/><\/p>\n<\/div><\/div><div id=\"panel-932-3-1-7\" class=\"so-panel widget widget_black-studio-tinymce widget_black_studio_tinymce\" data-index=\"9\" ><div class=\"textwidget\"><h2>Partnerzy<\/h2>\n<hr \/>\n<p>&nbsp;<\/p>\n<\/div><\/div><div id=\"panel-932-3-1-8\" class=\"so-panel widget widget_black-studio-tinymce widget_black_studio_tinymce panel-last-child\" data-index=\"10\" ><div class=\"textwidget\"><h2 style=\"text-align: left;\">Partnerzy Medialni<span style=\"color: #333399;\"><strong><span style=\"font-size: 12pt;\"><em><br \/>\n<\/em><\/span><\/strong><\/span><\/h2>\n<hr \/>\n<p style=\"text-align: center;\">\n<\/div><\/div><\/div><div id=\"pgc-932-3-2\"  class=\"panel-grid-cell panel-grid-cell-empty\" ><\/div><\/div><div id=\"pg-932-4\"  class=\"panel-grid panel-no-style\" ><div id=\"pgc-932-4-0\"  class=\"panel-grid-cell panel-grid-cell-empty\" ><\/div><div id=\"pgc-932-4-1\"  class=\"panel-grid-cell panel-grid-cell-empty panel-grid-cell-mobile-last\" ><\/div><div id=\"pgc-932-4-2\"  class=\"panel-grid-cell panel-grid-cell-empty\" ><\/div><\/div><div id=\"pg-932-5\"  class=\"panel-grid panel-no-style\" ><div id=\"pgc-932-5-0\"  class=\"panel-grid-cell panel-grid-cell-empty\" ><\/div><div id=\"pgc-932-5-1\"  class=\"panel-grid-cell panel-grid-cell-empty panel-grid-cell-mobile-last\" ><\/div><div id=\"pgc-932-5-2\"  class=\"panel-grid-cell panel-grid-cell-empty\" ><\/div><\/div><div id=\"pg-932-6\"  class=\"panel-grid panel-has-style\" ><div class=\"siteorigin-panels-stretch panel-row-style panel-row-style-for-932-6\" data-stretch-type=\"full\" ><div id=\"pgc-932-6-0\"  class=\"panel-grid-cell panel-grid-cell-empty\" ><\/div><div id=\"pgc-932-6-1\"  class=\"panel-grid-cell panel-grid-cell-empty\" ><\/div><div id=\"pgc-932-6-2\"  class=\"panel-grid-cell panel-grid-cell-empty\" ><\/div><div id=\"pgc-932-6-3\"  class=\"panel-grid-cell panel-grid-cell-empty panel-grid-cell-mobile-last\" ><\/div><div id=\"pgc-932-6-4\"  class=\"panel-grid-cell panel-grid-cell-empty\" ><\/div><\/div><\/div><div id=\"pg-932-7\"  class=\"panel-grid panel-has-style\" ><div class=\"siteorigin-panels-stretch panel-row-style panel-row-style-for-932-7\" data-stretch-type=\"full\" ><div id=\"pgc-932-7-0\"  class=\"panel-grid-cell panel-grid-cell-empty\" ><\/div><\/div><\/div><div id=\"pg-932-8\"  class=\"panel-grid panel-has-style\" ><div class=\"siteorigin-panels-stretch panel-row-style panel-row-style-for-932-8\" data-stretch-type=\"full\" ><div id=\"pgc-932-8-0\"  class=\"panel-grid-cell panel-grid-cell-empty\" ><\/div><\/div><\/div><div id=\"pg-932-9\"  class=\"panel-grid panel-has-style\" ><div class=\"siteorigin-panels-stretch panel-row-style panel-row-style-for-932-9\" data-stretch-type=\"full\" ><div id=\"pgc-932-9-0\"  class=\"panel-grid-cell panel-grid-cell-empty\" ><\/div><\/div><\/div><div id=\"pg-932-10\"  class=\"panel-grid panel-has-style\" ><div class=\"siteorigin-panels-stretch panel-row-style panel-row-style-for-932-10\" data-stretch-type=\"full\" ><div id=\"pgc-932-10-0\"  class=\"panel-grid-cell panel-grid-cell-empty\" ><\/div><\/div><\/div><div id=\"pg-932-11\"  class=\"panel-grid panel-no-style\" ><div id=\"pgc-932-11-0\"  class=\"panel-grid-cell panel-grid-cell-empty\" ><\/div><\/div><div id=\"pg-932-12\"  class=\"panel-grid panel-has-style\" ><div class=\"siteorigin-panels-stretch panel-row-style panel-row-style-for-932-12\" data-stretch-type=\"full\" ><div id=\"pgc-932-12-0\"  class=\"panel-grid-cell panel-grid-cell-empty\" ><\/div><div id=\"pgc-932-12-1\"  class=\"panel-grid-cell panel-grid-cell-empty\" ><\/div><div id=\"pgc-932-12-2\"  class=\"panel-grid-cell panel-grid-cell-empty\" ><\/div><div id=\"pgc-932-12-3\"  class=\"panel-grid-cell panel-grid-cell-empty panel-grid-cell-mobile-last\" ><\/div><div id=\"pgc-932-12-4\"  class=\"panel-grid-cell panel-grid-cell-empty\" ><\/div><\/div><\/div><div id=\"pg-932-13\"  class=\"panel-grid panel-has-style\" ><div class=\"siteorigin-panels-stretch panel-row-style panel-row-style-for-932-13\" data-stretch-type=\"full\" ><div id=\"pgc-932-13-0\"  class=\"panel-grid-cell panel-grid-cell-empty\" ><\/div><div id=\"pgc-932-13-1\"  class=\"panel-grid-cell panel-grid-cell-empty\" ><\/div><div id=\"pgc-932-13-2\"  class=\"panel-grid-cell panel-grid-cell-empty\" ><\/div><div id=\"pgc-932-13-3\"  class=\"panel-grid-cell panel-grid-cell-empty panel-grid-cell-mobile-last\" ><\/div><div id=\"pgc-932-13-4\"  class=\"panel-grid-cell panel-grid-cell-empty\" ><\/div><\/div><\/div><div id=\"pg-932-14\"  class=\"panel-grid panel-no-style\" ><div id=\"pgc-932-14-0\"  class=\"panel-grid-cell panel-grid-cell-empty\" ><\/div><\/div><div id=\"pg-932-15\"  class=\"panel-grid panel-no-style\" ><div id=\"pgc-932-15-0\"  class=\"panel-grid-cell panel-grid-cell-empty\" ><\/div><div id=\"pgc-932-15-1\"  class=\"panel-grid-cell panel-grid-cell-empty panel-grid-cell-mobile-last\" ><\/div><div id=\"pgc-932-15-2\"  class=\"panel-grid-cell panel-grid-cell-empty\" ><\/div><\/div><div id=\"pg-932-16\"  class=\"panel-grid panel-no-style\" ><div id=\"pgc-932-16-0\"  class=\"panel-grid-cell panel-grid-cell-empty\" ><\/div><div id=\"pgc-932-16-1\"  class=\"panel-grid-cell panel-grid-cell-empty panel-grid-cell-mobile-last\" ><\/div><div id=\"pgc-932-16-2\"  class=\"panel-grid-cell panel-grid-cell-empty\" ><\/div><\/div><div id=\"pg-932-17\"  class=\"panel-grid panel-no-style\" ><div id=\"pgc-932-17-0\"  class=\"panel-grid-cell panel-grid-cell-empty\" ><\/div><\/div><div id=\"pg-932-18\"  class=\"panel-grid panel-has-style\" ><div class=\"siteorigin-panels-stretch panel-row-style panel-row-style-for-932-18\" data-stretch-type=\"full-width-stretch\" ><div id=\"pgc-932-18-0\"  class=\"panel-grid-cell panel-grid-cell-empty\" ><\/div><div id=\"pgc-932-18-1\"  class=\"panel-grid-cell panel-grid-cell-empty\" ><\/div><div id=\"pgc-932-18-2\"  class=\"panel-grid-cell panel-grid-cell-empty\" ><\/div><div id=\"pgc-932-18-3\"  class=\"panel-grid-cell panel-grid-cell-empty panel-grid-cell-mobile-last\" ><\/div><div id=\"pgc-932-18-4\"  class=\"panel-grid-cell panel-grid-cell-empty\" ><\/div><\/div><\/div><div id=\"pg-932-19\"  class=\"panel-grid panel-no-style\" ><div id=\"pgc-932-19-0\"  class=\"panel-grid-cell panel-grid-cell-empty\" ><\/div><div id=\"pgc-932-19-1\"  class=\"panel-grid-cell panel-grid-cell-empty\" ><\/div><div id=\"pgc-932-19-2\"  class=\"panel-grid-cell panel-grid-cell-empty\" ><\/div><div id=\"pgc-932-19-3\"  class=\"panel-grid-cell panel-grid-cell-empty panel-grid-cell-mobile-last\" ><\/div><div id=\"pgc-932-19-4\"  class=\"panel-grid-cell panel-grid-cell-empty\" ><\/div><\/div><div id=\"pg-932-20\"  class=\"panel-grid panel-no-style\" ><div id=\"pgc-932-20-0\"  class=\"panel-grid-cell panel-grid-cell-empty\" ><\/div><\/div><div id=\"pg-932-21\"  class=\"panel-grid panel-no-style\" ><div id=\"pgc-932-21-0\"  class=\"panel-grid-cell panel-grid-cell-empty\" ><\/div><div id=\"pgc-932-21-1\"  class=\"panel-grid-cell panel-grid-cell-empty\" ><\/div><div id=\"pgc-932-21-2\"  class=\"panel-grid-cell panel-grid-cell-empty panel-grid-cell-mobile-last\" ><\/div><div id=\"pgc-932-21-3\"  class=\"panel-grid-cell panel-grid-cell-empty\" ><\/div><\/div><div id=\"pg-932-22\"  class=\"panel-grid panel-no-style\" ><div id=\"pgc-932-22-0\"  class=\"panel-grid-cell panel-grid-cell-empty\" ><\/div><div id=\"pgc-932-22-1\"  class=\"panel-grid-cell panel-grid-cell-empty\" ><\/div><div id=\"pgc-932-22-2\"  class=\"panel-grid-cell panel-grid-cell-empty\" ><\/div><div id=\"pgc-932-22-3\"  class=\"panel-grid-cell panel-grid-cell-empty panel-grid-cell-mobile-last\" ><\/div><div id=\"pgc-932-22-4\"  class=\"panel-grid-cell panel-grid-cell-empty\" ><\/div><\/div><div id=\"pg-932-23\"  class=\"panel-grid panel-no-style\" ><div id=\"pgc-932-23-0\"  class=\"panel-grid-cell panel-grid-cell-empty\" ><\/div><div id=\"pgc-932-23-1\"  class=\"panel-grid-cell panel-grid-cell-empty\" ><\/div><div id=\"pgc-932-23-2\"  class=\"panel-grid-cell panel-grid-cell-empty\" ><\/div><div id=\"pgc-932-23-3\"  class=\"panel-grid-cell panel-grid-cell-empty panel-grid-cell-mobile-last\" ><\/div><div id=\"pgc-932-23-4\"  class=\"panel-grid-cell panel-grid-cell-empty\" ><\/div><\/div><div id=\"pg-932-24\"  class=\"panel-grid panel-no-style\" ><div id=\"pgc-932-24-0\"  class=\"panel-grid-cell panel-grid-cell-empty\" ><\/div><div id=\"pgc-932-24-1\"  class=\"panel-grid-cell panel-grid-cell-empty\" ><\/div><div id=\"pgc-932-24-2\"  class=\"panel-grid-cell panel-grid-cell-empty\" ><\/div><div id=\"pgc-932-24-3\"  class=\"panel-grid-cell panel-grid-cell-empty panel-grid-cell-mobile-last\" ><\/div><div id=\"pgc-932-24-4\"  class=\"panel-grid-cell panel-grid-cell-empty\" ><\/div><\/div><div id=\"pg-932-25\"  class=\"panel-grid panel-no-style\" ><div id=\"pgc-932-25-0\"  class=\"panel-grid-cell panel-grid-cell-empty\" ><\/div><\/div><div id=\"pg-932-26\"  class=\"panel-grid panel-no-style\" ><div id=\"pgc-932-26-0\"  class=\"panel-grid-cell panel-grid-cell-empty\" ><\/div><div id=\"pgc-932-26-1\"  class=\"panel-grid-cell panel-grid-cell-empty\" ><\/div><div id=\"pgc-932-26-2\"  class=\"panel-grid-cell panel-grid-cell-empty panel-grid-cell-mobile-last\" ><\/div><div id=\"pgc-932-26-3\"  class=\"panel-grid-cell panel-grid-cell-empty\" ><\/div><\/div><div id=\"pg-932-27\"  class=\"panel-grid panel-no-style\" ><div id=\"pgc-932-27-0\"  class=\"panel-grid-cell panel-grid-cell-empty\" ><\/div><div id=\"pgc-932-27-1\"  class=\"panel-grid-cell panel-grid-cell-empty panel-grid-cell-mobile-last\" ><\/div><div id=\"pgc-932-27-2\"  class=\"panel-grid-cell panel-grid-cell-empty\" ><\/div><\/div><div id=\"pg-932-28\"  class=\"panel-grid panel-no-style\" ><div id=\"pgc-932-28-0\"  class=\"panel-grid-cell\" ><div id=\"panel-932-28-0-0\" class=\"so-panel widget widget_themegrill_flash_image tg-widget tg-image-widget panel-first-child panel-last-child\" data-index=\"11\" >\t<img decoding=\"async\" src=\"\" \/>\n<\/div><\/div><\/div><\/div>","protected":false},"excerpt":{"rendered":"<p>&nbsp; Szanowni Pa\u0144stwo, Drogie Kole\u017canki, drodzy Koledzy; W dniach 2\u20134 pa\u017adziernika 2026 roku malownicza Wis\u0142a ponownie stanie si\u0119 centrum wymiany [&hellip;]<\/p>\n","protected":false},"author":1,"featured_media":0,"parent":0,"menu_order":0,"comment_status":"closed","ping_status":"closed","template":"page-templates\/pagebuilder.php","meta":{"footnotes":""},"class_list":["post-932","page","type-page","status-publish","hentry"],"_links":{"self":[{"href":"https:\/\/konferencja-ptrm.pl\/index.php\/wp-json\/wp\/v2\/pages\/932","targetHints":{"allow":["GET"]}}],"collection":[{"href":"https:\/\/konferencja-ptrm.pl\/index.php\/wp-json\/wp\/v2\/pages"}],"about":[{"href":"https:\/\/konferencja-ptrm.pl\/index.php\/wp-json\/wp\/v2\/types\/page"}],"author":[{"embeddable":true,"href":"https:\/\/konferencja-ptrm.pl\/index.php\/wp-json\/wp\/v2\/users\/1"}],"replies":[{"embeddable":true,"href":"https:\/\/konferencja-ptrm.pl\/index.php\/wp-json\/wp\/v2\/comments?post=932"}],"version-history":[{"count":888,"href":"https:\/\/konferencja-ptrm.pl\/index.php\/wp-json\/wp\/v2\/pages\/932\/revisions"}],"predecessor-version":[{"id":4826,"href":"https:\/\/konferencja-ptrm.pl\/index.php\/wp-json\/wp\/v2\/pages\/932\/revisions\/4826"}],"wp:attachment":[{"href":"https:\/\/konferencja-ptrm.pl\/index.php\/wp-json\/wp\/v2\/media?parent=932"}],"curies":[{"name":"wp","href":"https:\/\/api.w.org\/{rel}","templated":true}]}}